{"id":25,"date":"2017-05-17T20:05:52","date_gmt":"2017-05-17T20:05:52","guid":{"rendered":"https:\/\/vl1200.com\/?page_id=25"},"modified":"2025-12-09T16:11:46","modified_gmt":"2025-12-09T16:11:46","slug":"kapcsolat","status":"publish","type":"page","link":"https:\/\/vl1200.com\/hu\/kapcsolat\/","title":{"rendered":"Kapcsolat"},"content":{"rendered":"<div class=\"wpb-content-wrapper\"><p>[vc_row full_width=&#8221;stretch_row_content_no_spaces&#8221; content_placement=&#8221;top&#8221;][vc_column]<div class=\"es-resp\">\t<div class=\"visible-xl\" style=\"height: 0px;\"><\/div>\t<div class=\"hidden-xl hidden-md hidden-sm hidden-ms hidden-xs\" style=\"height: 75px;\"><\/div>\t<div class=\"visible-md\" style=\"height: 75px;\"><\/div>\t<div class=\"visible-sm \" style=\"height: 90px;\"><\/div>\t<div class=\"visible-ms\" style=\"height: 90px;\"><\/div>\t<div class=\"visible-xs\" style=\"height: 100px;\"><\/div><\/div>[vc_column_text css=&#8221;&#8221;]<script>\r\n\t\tjQuery(function() {\r\n\t\t\tjQuery(\"#parallax_perpetuummobile_4\").parallax_perpetuummobile({\r\n\t\t\t\tskin:\"bullets\",\r\n\t\t\t\tresponsive:true,\r\n\t\t\t\tresponsiveRelativeToBrowser:true,\r\n\t\t\t\twidth:1080,\r\n\t\t\t\theight:300,\r\n\t\t\t\twidth100Proc:true,\r\n\t\t\t\theight100Proc:false,\r\n\t\t\t\tcenterPlugin:true,\r\n\t\t\t\tautoPlay:7,\r\n\t\t\t\tloop:true,\r\n\t\t\t\ttarget:\"_blank\",\r\n\t\t\t\tabsUrl:\"https:\/\/vl1200.com\/wp-content\/plugins\/uberSlider_perpetuummobile\/perpetuummobile\/\",\r\n\t\t\t\tscrollSlideDuration:0.8,\r\n\t\t\t\tscrollSlideEasing:\"swing\",\r\n\t\t\t\tdefaultEasing:\"easeOutElastic\",\r\n\t\t\t\tmyloaderTime:1,\r\n\t\t\t\tpauseOnMouseOver:true,\r\n\t\t\t\tenableTouchScreen:true,\r\n\t\t\t\tdefaultExitLeft:0,\r\n\t\t\t\tdefaultExitTop:0,\r\n\t\t\t\tdefaultExitDuration:0,\r\n\t\t\t\tdefaultExitDelay:0,\r\n\t\t\t\tdefaultExitEasing:\"swing\",\r\n\t\t\t\tdefaultExitOFF:true,\r\n\t\t\t\tshowAllControllers:false,\r\n\t\t\t\tshowNavArrows:false,\r\n\t\t\t\tshowOnInitNavArrows:false,\r\n\t\t\t\tautoHideNavArrows:true,\r\n\t\t\t\tshowBottomNav:false,\r\n\t\t\t\tshowOnInitBottomNav:false,\r\n\t\t\t\tautoHideBottomNav:false,\r\n\t\t\t\tshowPreviewThumbs:false,\r\n\t\t\t\tnumberOfThumbsPerScreen:0,\r\n\t\t\t\tthumbsWrapperMarginBottom:20,\r\n\t\t\t\tthumbsOnMarginTop:10,\r\n\t\t\t\tshowCircleTimer:false,\r\n\t\t\t\tshowCircleTimerIE8IE7:false,\r\n\t\t\t\tcircleRadius:10,\r\n\t\t\t\tcircleLineWidth:4,\r\n\t\t\t\tcircleColor:\"#ff0000\",\r\n\t\t\t\tcircleAlpha:0,\r\n\t\t\t\tbehindCircleColor:\"#000000\",\r\n\t\t\t\tbehindCircleAlpha:0\r\n\t\t\t});\r\n\t\t});\r\n\t<\/script>\r\n            <div id=\"parallax_perpetuummobile_4\"><div class=\"myloader\"><\/div><ul class=\"parallax_perpetuummobile_list\"><li data-text-id=\"\" data-video=\"false\" data-bottom-thumb=\"\" data-link=\"\" data-target=\"\" data-bgArr=\"\" data-bgIEWidth=\"\" data-bgStep=\"\" data-bgDuration=\"\" data-bgEasing=\"\" ><img loading=\"lazy\" decoding=\"async\" src=\"https:\/\/vl1200.com\/wp-content\/uploads\/2025\/11\/slider10.png\" width=\"1080\" height=\"300\" style=\"width:1080px; height:300px;\" alt=\"\" \/><\/li><\/ul><\/div>[\/vc_column_text][\/vc_column][\/vc_row][vc_section full_width=&#8221;stretch_row&#8221; css=&#8221;.vc_custom_1764062396185{margin-top: 15px !important;}&#8221;][vc_row][vc_column width=&#8221;1\/4&#8243;]<div class=\"ltx-content-width col-align-left\" id=\"like_sc_content_width_1861270216\" style=\"max-width: 370px\"><div class=\"ltx-wrapper\"><div class=\"heading  header-subheader align-left color-black transform-default theme-icon-second icon-type-hidden   vc_custom_1758827362282 heading-tag-h4\" id=\"like_sc_header_707568336\"><h4 class=\"header ltx-sr-id-like_sc_header_707568336733331615 ltx-sr ltx-sr-effect-fade_in ltx-sr-el-block ltx-sr-delay-0 ltx-sr-duration-1000 ltx-sr-sequences-0\">El\u00e9rhet\u0151s\u00e9geink:<\/h4><\/div><\/div><\/div><div class=\"align-default \"><ul class=\"social-icons-list   vc_custom_1759141693098 bg-main  icon-weight-bold\" id=\"like_sc_social_icons_1154918939\"><li class=\" \"><a href=\"tel:+36307925407\"><span class=\"fa fa-solid fa-mobile\"><\/span><span class=\"head\">+36 30 792 5407<\/span><\/a><\/li><li class=\" \"><a href=\"tel:+36707027503\"><span class=\"fa fa-solid fa-mobile\"><\/span><span class=\"head\">+36 70 702 7503<\/span><\/a><\/li><li class=\" \"><a href=\"tel:+36304880498\"><span class=\"fa fa-solid fa-mobile\"><\/span><span class=\"head\">+36 30 488 0498<\/span><\/a><\/li><li class=\" \"><a href=\"mailto:info@vl1200.com\"><span class=\"fa fa-solid fa-envelope-circle-check\"><\/span><span class=\"head\">info@vl1200.com<\/span><\/a><\/li><li class=\" \"><span class=\"fa fa-solid fa-map-location\"><\/span><span class=\"head\">1081 Budapest, 8. ker\u00fclet,<br> N\u00e9psz\u00ednh\u00e1z utca 22.,<br> (Kiss J\u00f3zsef utca sarok)<\/span><\/li><\/ul><\/div>[\/vc_column][vc_column width=&#8221;2\/4&#8243;][vc_single_image image=&#8221;10576&#8243; img_size=&#8221;full&#8221; alignment=&#8221;center&#8221; style=&#8221;vc_box_rounded&#8221; css=&#8221;.vc_custom_1763124111811{margin-top: 16px !important;margin-bottom: 0px !important;padding-bottom: 0px !important;}&#8221;][\/vc_column][vc_column width=&#8221;1\/4&#8243;]<div class=\"es-resp\">\t<div class=\"visible-xl\" style=\"height: 0px;\"><\/div>\t<div class=\"hidden-xl hidden-md hidden-sm hidden-ms hidden-xs\" style=\"height: 0px;\"><\/div>\t<div class=\"visible-md\" style=\"height: 0px;\"><\/div>\t<div class=\"visible-sm \" style=\"height: 48px;\"><\/div>\t<div class=\"visible-ms\" style=\"height: 48px;\"><\/div>\t<div class=\"visible-xs\" style=\"height: 48px;\"><\/div><\/div><div class=\"heading  header-subheader align-left color-black subcolor-main transform-default theme-icon-second icon-type-hidden   vc_custom_1758827080114 heading-tag-h4\" id=\"like_sc_header_1714100152\"><h4 class=\"header ltx-sr-id-like_sc_header_1714100152716859595 ltx-sr ltx-sr-effect-fade_in ltx-sr-el-block ltx-sr-delay-0 ltx-sr-duration-1000 ltx-sr-sequences-0\">Nyitvatart\u00e1s:<\/h4><\/div>[vc_column_text css=&#8221;&#8221;]<\/p>\n<ul class=\"ltx-hours\">\n<li><strong>H\u00e9tf\u0151:<\/strong> 09:00 &#8211; 18:00<\/li>\n<li><strong>Kedd:<\/strong> 09:00 &#8211; 16:30<\/li>\n<li><strong>Szerda<\/strong>: 09:00 &#8211; 16:30<\/li>\n<li><strong>Cs\u00fct\u00f6rt\u00f6k:<\/strong> 09:00 &#8211; 18:00<\/li>\n<li><strong>P\u00e9ntek:<\/strong> 09:00 &#8211; 16:30<\/li>\n<li><strong>Szombat:<\/strong> 09:00 &#8211; 13:00<\/li>\n<li><strong>Vas\u00e1rnap:<\/strong> Z\u00e1rva<\/li>\n<\/ul>\n<p>[\/vc_column_text][\/vc_column][\/vc_row][vc_row full_width=&#8221;stretch_row&#8221; bg_color_select=&#8221;gray&#8221;][vc_column]<div class=\"ltx-content-width col-align-center\" id=\"like_sc_content_width_1667889959\" style=\"max-width: 1050px\"><div class=\"ltx-wrapper\"><div class=\"heading  header-subheader align-center color-black subcolor-main transform-default theme-icon-second icon-type-hidden   vc_custom_1758827396045 heading-tag-h4\" id=\"like_sc_header_441960133\"><h4 class=\"header ltx-sr-id-like_sc_header_4419601331892850222 ltx-sr ltx-sr-effect-fade_in ltx-sr-el-block ltx-sr-delay-0 ltx-sr-duration-1000 ltx-sr-sequences-0\">\u00dczenet k\u00fcld\u00e9se<\/h4><\/div><div class=\"ltx-contact-form-7 transform-default form-center form-gray form-bg-gray form-style-default form-btn-default form-btn-default form-padding-none    vc_custom_1549397374732\" id=\"like_sc_contact_form_7_1251278067\">\n<div class=\"wpcf7 no-js\" id=\"wpcf7-f1555-o2\" lang=\"en-US\" dir=\"ltr\" data-wpcf7-id=\"1555\">\n<div class=\"screen-reader-response\"><p role=\"status\" aria-live=\"polite\" aria-atomic=\"true\"><\/p> <ul><\/ul><\/div>\n<form action=\"\/hu\/wp-json\/wp\/v2\/pages\/25#wpcf7-f1555-o2\" method=\"post\" class=\"wpcf7-form init\" aria-label=\"Contact form\" novalidate=\"novalidate\" data-status=\"init\">\n<fieldset class=\"hidden-fields-container\"><input type=\"hidden\" name=\"_wpcf7\" value=\"1555\" \/><input type=\"hidden\" name=\"_wpcf7_version\" value=\"6.1.3\" \/><input type=\"hidden\" name=\"_wpcf7_locale\" value=\"en_US\" \/><input type=\"hidden\" name=\"_wpcf7_unit_tag\" value=\"wpcf7-f1555-o2\" \/><input type=\"hidden\" name=\"_wpcf7_container_post\" value=\"0\" \/><input type=\"hidden\" name=\"_wpcf7_posted_data_hash\" value=\"\" \/>\n<\/fieldset>\n<div class=\"row\">\n\t<div class=\"col-lg-6\">\n\t\t<p><span class=\"wpcf7-form-control-wrap\" data-name=\"field-header\"><input size=\"40\" maxlength=\"400\" class=\"wpcf7-form-control wpcf7-text wpcf7-validates-as-required\" aria-required=\"true\" aria-invalid=\"false\" placeholder=\"\u00d6n neve\" value=\"\" type=\"text\" name=\"field-header\" \/><\/span>\n\t\t<\/p>\n\t<\/div>\n\t<div class=\"col-lg-6\">\n\t\t<p><span class=\"wpcf7-form-control-wrap\" data-name=\"email-210\"><input size=\"40\" maxlength=\"400\" class=\"wpcf7-form-control wpcf7-email wpcf7-validates-as-required wpcf7-text wpcf7-validates-as-email\" aria-required=\"true\" aria-invalid=\"false\" placeholder=\"E-mail c\u00edme\" value=\"\" type=\"email\" name=\"email-210\" \/><\/span>\n\t\t<\/p>\n\t<\/div>\n<\/div>\n<p><span class=\"wpcf7-form-control-wrap\" data-name=\"field-header-3\"><textarea cols=\"40\" rows=\"10\" maxlength=\"2000\" class=\"wpcf7-form-control wpcf7-textarea\" aria-invalid=\"false\" placeholder=\"\u00dczenete\" name=\"field-header-3\"><\/textarea><\/span>\n<\/p>\n<p><input class=\"wpcf7-form-control wpcf7-submit has-spinner\" type=\"submit\" value=\"\u00dczenet k\u00fcld\u00e9se\" \/>\n<\/p><div class=\"wpcf7-response-output\" aria-hidden=\"true\"><\/div>\n<\/form>\n<\/div>\n<\/div><\/div><\/div>[\/vc_column][\/vc_row][\/vc_section][vc_row full_width=&#8221;stretch_row_content_no_spaces&#8221;][vc_column][vc_goo_maps location=&#8221;1081 Budapest, 8. ker\u00fclet, N\u00e9psz\u00ednh\u00e1z utca 22.,&#8221; height=&#8221;400&#8243; zoom=&#8221;16&#8243; css=&#8221;&#8221;][\/vc_column][\/vc_row]<\/p>\n<\/div>","protected":false},"excerpt":{"rendered":"<p>[vc_row full_width=&#8221;stretch_row_content_no_spaces&#8221; content_placement=&#8221;top&#8221;][vc_column][vc_column_text css=&#8221;&#8221;][\/vc_column_text][\/vc_column][\/vc_row][vc_section full_width=&#8221;stretch_row&#8221; css=&#8221;.vc_custom_1764062396185{margin-top: 15px !important;}&#8221;][vc_row][vc_column width=&#8221;1\/4&#8243;][\/vc_column][vc_column width=&#8221;2\/4&#8243;][vc_single_image image=&#8221;10576&#8243; img_size=&#8221;full&#8221; alignment=&#8221;center&#8221; style=&#8221;vc_box_rounded&#8221; css=&#8221;.vc_custom_1763124111811{margin-top: 16px !important;margin-bottom: 0px !important;padding-bottom: 0px !important;}&#8221;][\/vc_column][vc_column width=&#8221;1\/4&#8243;][vc_column_text css=&#8221;&#8221;] H\u00e9tf\u0151: 09:00 &#8211; 18:00 Kedd: 09:00 &#8211; 16:30 Szerda: 09:00 &#8211; 16:30 Cs\u00fct\u00f6rt\u00f6k: 09:00 &#8211; 18:00 P\u00e9ntek: 09:00 &#8211; 16:30 Szombat: 09:00 &#8211; 13:00 Vas\u00e1rnap: Z\u00e1rva [\/vc_column_text][\/vc_column][\/vc_row][vc_row full_width=&#8221;stretch_row&#8221; bg_color_select=&#8221;gray&#8221;][vc_column][\/vc_column][\/vc_row][\/vc_section][vc_row full_width=&#8221;stretch_row_content_no_spaces&#8221;][vc_column][vc_goo_maps location=&#8221;1081 Budapest, 8. ker\u00fclet, N\u00e9psz\u00ednh\u00e1z utca 22.,&#8221; height=&#8221;400&#8243; zoom=&#8221;16&#8243; css=&#8221;&#8221;][\/vc_column][\/vc_row]<\/p>\n","protected":false},"author":1,"featured_media":0,"parent":0,"menu_order":0,"comment_status":"closed","ping_status":"closed","template":"page-templates\/full-width.php","meta":{"footnotes":""},"class_list":["post-25","page","type-page","status-publish","hentry"],"yoast_head":"<!-- This site is optimized with the Yoast SEO plugin v26.4 - https:\/\/yoast.com\/wordpress\/plugins\/seo\/ -->\n<title>Kapcsolat - VL1200<\/title>\n<meta name=\"robots\" content=\"index, follow, max-snippet:-1, max-image-preview:large, max-video-preview:-1\" \/>\n<link rel=\"canonical\" href=\"https:\/\/vl1200.com\/kapcsolat\/\" \/>\n<meta property=\"og:locale\" content=\"hu_HU\" \/>\n<meta property=\"og:type\" content=\"article\" \/>\n<meta property=\"og:title\" content=\"Kapcsolat - VL1200\" \/>\n<meta property=\"og:description\" content=\"[vc_row full_width=&#8221;stretch_row_content_no_spaces&#8221; content_placement=&#8221;top&#8221;][vc_column][vc_column_text css=&#8221;&#8221;][\/vc_column_text][\/vc_column][\/vc_row][vc_section full_width=&#8221;stretch_row&#8221; css=&#8221;.vc_custom_1764062396185{margin-top: 15px !important;}&#8221;][vc_row][vc_column width=&#8221;1\/4&#8243;][\/vc_column][vc_column width=&#8221;2\/4&#8243;][vc_single_image image=&#8221;10576&#8243; img_size=&#8221;full&#8221; alignment=&#8221;center&#8221; style=&#8221;vc_box_rounded&#8221; css=&#8221;.vc_custom_1763124111811{margin-top: 16px !important;margin-bottom: 0px !important;padding-bottom: 0px !important;}&#8221;][\/vc_column][vc_column width=&#8221;1\/4&#8243;][vc_column_text css=&#8221;&#8221;] H\u00e9tf\u0151: 09:00 &#8211; 18:00 Kedd: 09:00 &#8211; 16:30 Szerda: 09:00 &#8211; 16:30 Cs\u00fct\u00f6rt\u00f6k: 09:00 &#8211; 18:00 P\u00e9ntek: 09:00 &#8211; 16:30 Szombat: 09:00 &#8211; 13:00 Vas\u00e1rnap: Z\u00e1rva [\/vc_column_text][\/vc_column][\/vc_row][vc_row full_width=&#8221;stretch_row&#8221; bg_color_select=&#8221;gray&#8221;][vc_column][\/vc_column][\/vc_row][\/vc_section][vc_row full_width=&#8221;stretch_row_content_no_spaces&#8221;][vc_column][vc_goo_maps location=&#8221;1081 Budapest, 8. ker\u00fclet, N\u00e9psz\u00ednh\u00e1z utca 22.,&#8221; height=&#8221;400&#8243; zoom=&#8221;16&#8243; css=&#8221;&#8221;][\/vc_column][\/vc_row]\" \/>\n<meta property=\"og:url\" content=\"https:\/\/vl1200.com\/kapcsolat\/\" \/>\n<meta property=\"og:site_name\" content=\"VL1200\" \/>\n<meta property=\"article:modified_time\" content=\"2025-12-09T16:11:46+00:00\" \/>\n<meta property=\"og:image\" content=\"https:\/\/vl1200.com\/wp-content\/uploads\/2025\/09\/vl1200-hosszu.png\" \/>\n\t<meta property=\"og:image:width\" content=\"850\" \/>\n\t<meta property=\"og:image:height\" content=\"283\" \/>\n\t<meta property=\"og:image:type\" content=\"image\/png\" \/>\n<meta name=\"twitter:card\" content=\"summary_large_image\" \/>\n<meta name=\"twitter:label1\" content=\"Becs\u00fclt olvas\u00e1si id\u0151\" \/>\n\t<meta name=\"twitter:data1\" content=\"2 perc\" \/>\n<script type=\"application\/ld+json\" class=\"yoast-schema-graph\">{\"@context\":\"https:\/\/schema.org\",\"@graph\":[{\"@type\":\"WebPage\",\"@id\":\"https:\/\/vl1200.com\/kapcsolat\/\",\"url\":\"https:\/\/vl1200.com\/kapcsolat\/\",\"name\":\"Kapcsolat - VL1200\",\"isPartOf\":{\"@id\":\"https:\/\/vl1200.com\/#website\"},\"datePublished\":\"2017-05-17T20:05:52+00:00\",\"dateModified\":\"2025-12-09T16:11:46+00:00\",\"breadcrumb\":{\"@id\":\"https:\/\/vl1200.com\/kapcsolat\/#breadcrumb\"},\"inLanguage\":\"hu\",\"potentialAction\":[{\"@type\":\"ReadAction\",\"target\":[\"https:\/\/vl1200.com\/kapcsolat\/\"]}]},{\"@type\":\"BreadcrumbList\",\"@id\":\"https:\/\/vl1200.com\/kapcsolat\/#breadcrumb\",\"itemListElement\":[{\"@type\":\"ListItem\",\"position\":1,\"name\":\"Kezd\u0151lap\",\"item\":\"https:\/\/vl1200.com\/oldalunk-frissites-alatt\/\"},{\"@type\":\"ListItem\",\"position\":2,\"name\":\"Kapcsolat\"}]},{\"@type\":\"WebSite\",\"@id\":\"https:\/\/vl1200.com\/#website\",\"url\":\"https:\/\/vl1200.com\/\",\"name\":\"VL1200\",\"description\":\"Az intim fiatals\u00e1g megtarthat\u00f3 \u00e9s visszanyerhet\u0151. Anti-aging kezel\u00e9ssel a h\u00fcvely visszanyeri fiatalos rugalmass\u00e1g\u00e1t, a v\u00e1s\u00e1rl\u00f3ink pedig \u00f6nbizalmukat \u00e9s magabiztoss\u00e1gukat.\",\"potentialAction\":[{\"@type\":\"SearchAction\",\"target\":{\"@type\":\"EntryPoint\",\"urlTemplate\":\"https:\/\/vl1200.com\/?s={search_term_string}\"},\"query-input\":{\"@type\":\"PropertyValueSpecification\",\"valueRequired\":true,\"valueName\":\"search_term_string\"}}],\"inLanguage\":\"hu\"}]}<\/script>\n<!-- \/ Yoast SEO plugin. -->","yoast_head_json":{"title":"Kapcsolat - VL1200","robots":{"index":"index","follow":"follow","max-snippet":"max-snippet:-1","max-image-preview":"max-image-preview:large","max-video-preview":"max-video-preview:-1"},"canonical":"https:\/\/vl1200.com\/kapcsolat\/","og_locale":"hu_HU","og_type":"article","og_title":"Kapcsolat - VL1200","og_description":"[vc_row full_width=&#8221;stretch_row_content_no_spaces&#8221; content_placement=&#8221;top&#8221;][vc_column][vc_column_text css=&#8221;&#8221;][\/vc_column_text][\/vc_column][\/vc_row][vc_section full_width=&#8221;stretch_row&#8221; css=&#8221;.vc_custom_1764062396185{margin-top: 15px !important;}&#8221;][vc_row][vc_column width=&#8221;1\/4&#8243;][\/vc_column][vc_column width=&#8221;2\/4&#8243;][vc_single_image image=&#8221;10576&#8243; img_size=&#8221;full&#8221; alignment=&#8221;center&#8221; style=&#8221;vc_box_rounded&#8221; css=&#8221;.vc_custom_1763124111811{margin-top: 16px !important;margin-bottom: 0px !important;padding-bottom: 0px !important;}&#8221;][\/vc_column][vc_column width=&#8221;1\/4&#8243;][vc_column_text css=&#8221;&#8221;] H\u00e9tf\u0151: 09:00 &#8211; 18:00 Kedd: 09:00 &#8211; 16:30 Szerda: 09:00 &#8211; 16:30 Cs\u00fct\u00f6rt\u00f6k: 09:00 &#8211; 18:00 P\u00e9ntek: 09:00 &#8211; 16:30 Szombat: 09:00 &#8211; 13:00 Vas\u00e1rnap: Z\u00e1rva [\/vc_column_text][\/vc_column][\/vc_row][vc_row full_width=&#8221;stretch_row&#8221; bg_color_select=&#8221;gray&#8221;][vc_column][\/vc_column][\/vc_row][\/vc_section][vc_row full_width=&#8221;stretch_row_content_no_spaces&#8221;][vc_column][vc_goo_maps location=&#8221;1081 Budapest, 8. ker\u00fclet, N\u00e9psz\u00ednh\u00e1z utca 22.,&#8221; height=&#8221;400&#8243; zoom=&#8221;16&#8243; css=&#8221;&#8221;][\/vc_column][\/vc_row]","og_url":"https:\/\/vl1200.com\/kapcsolat\/","og_site_name":"VL1200","article_modified_time":"2025-12-09T16:11:46+00:00","og_image":[{"width":850,"height":283,"url":"https:\/\/vl1200.com\/wp-content\/uploads\/2025\/09\/vl1200-hosszu.png","type":"image\/png"}],"twitter_card":"summary_large_image","twitter_misc":{"Becs\u00fclt olvas\u00e1si id\u0151":"2 perc"},"schema":{"@context":"https:\/\/schema.org","@graph":[{"@type":"WebPage","@id":"https:\/\/vl1200.com\/kapcsolat\/","url":"https:\/\/vl1200.com\/kapcsolat\/","name":"Kapcsolat - VL1200","isPartOf":{"@id":"https:\/\/vl1200.com\/#website"},"datePublished":"2017-05-17T20:05:52+00:00","dateModified":"2025-12-09T16:11:46+00:00","breadcrumb":{"@id":"https:\/\/vl1200.com\/kapcsolat\/#breadcrumb"},"inLanguage":"hu","potentialAction":[{"@type":"ReadAction","target":["https:\/\/vl1200.com\/kapcsolat\/"]}]},{"@type":"BreadcrumbList","@id":"https:\/\/vl1200.com\/kapcsolat\/#breadcrumb","itemListElement":[{"@type":"ListItem","position":1,"name":"Kezd\u0151lap","item":"https:\/\/vl1200.com\/oldalunk-frissites-alatt\/"},{"@type":"ListItem","position":2,"name":"Kapcsolat"}]},{"@type":"WebSite","@id":"https:\/\/vl1200.com\/#website","url":"https:\/\/vl1200.com\/","name":"VL1200","description":"Az intim fiatals\u00e1g megtarthat\u00f3 \u00e9s visszanyerhet\u0151. Anti-aging kezel\u00e9ssel a h\u00fcvely visszanyeri fiatalos rugalmass\u00e1g\u00e1t, a v\u00e1s\u00e1rl\u00f3ink pedig \u00f6nbizalmukat \u00e9s magabiztoss\u00e1gukat.","potentialAction":[{"@type":"SearchAction","target":{"@type":"EntryPoint","urlTemplate":"https:\/\/vl1200.com\/?s={search_term_string}"},"query-input":{"@type":"PropertyValueSpecification","valueRequired":true,"valueName":"search_term_string"}}],"inLanguage":"hu"}]}},"_links":{"self":[{"href":"https:\/\/vl1200.com\/hu\/wp-json\/wp\/v2\/pages\/25","targetHints":{"allow":["GET"]}}],"collection":[{"href":"https:\/\/vl1200.com\/hu\/wp-json\/wp\/v2\/pages"}],"about":[{"href":"https:\/\/vl1200.com\/hu\/wp-json\/wp\/v2\/types\/page"}],"author":[{"embeddable":true,"href":"https:\/\/vl1200.com\/hu\/wp-json\/wp\/v2\/users\/1"}],"replies":[{"embeddable":true,"href":"https:\/\/vl1200.com\/hu\/wp-json\/wp\/v2\/comments?post=25"}],"version-history":[{"count":26,"href":"https:\/\/vl1200.com\/hu\/wp-json\/wp\/v2\/pages\/25\/revisions"}],"predecessor-version":[{"id":11663,"href":"https:\/\/vl1200.com\/hu\/wp-json\/wp\/v2\/pages\/25\/revisions\/11663"}],"wp:attachment":[{"href":"https:\/\/vl1200.com\/hu\/wp-json\/wp\/v2\/media?parent=25"}],"curies":[{"name":"wp","href":"https:\/\/api.w.org\/{rel}","templated":true}]}}