{"id":617,"date":"2017-07-12T17:19:00","date_gmt":"2017-07-12T17:19:00","guid":{"rendered":"https:\/\/vl1200.com\/my-account\/"},"modified":"2017-07-12T17:19:00","modified_gmt":"2017-07-12T17:19:00","slug":"my-account","status":"publish","type":"page","link":"https:\/\/vl1200.com\/hu\/my-account\/","title":{"rendered":"My account"},"content":{"rendered":"<div class=\"woocommerce\"><\/div>\n","protected":false},"excerpt":{"rendered":"","protected":false},"author":1,"featured_media":0,"parent":0,"menu_order":0,"comment_status":"closed","ping_status":"closed","template":"","meta":{"footnotes":""},"class_list":["post-617","page","type-page","status-publish","hentry"],"yoast_head":"<!-- This site is optimized with the Yoast SEO plugin v26.4 - https:\/\/yoast.com\/wordpress\/plugins\/seo\/ -->\n<title>My account - VL1200<\/title>\n<meta name=\"robots\" content=\"index, follow, max-snippet:-1, max-image-preview:large, max-video-preview:-1\" \/>\n<link rel=\"canonical\" href=\"https:\/\/vl1200.com\/my-account\/\" \/>\n<meta property=\"og:locale\" content=\"hu_HU\" \/>\n<meta property=\"og:type\" content=\"article\" \/>\n<meta property=\"og:title\" content=\"My account - VL1200\" \/>\n<meta property=\"og:url\" content=\"https:\/\/vl1200.com\/my-account\/\" \/>\n<meta property=\"og:site_name\" content=\"VL1200\" \/>\n<meta property=\"og:image\" content=\"https:\/\/vl1200.com\/wp-content\/uploads\/2025\/09\/vl1200-hosszu.png\" \/>\n\t<meta property=\"og:image:width\" content=\"850\" \/>\n\t<meta property=\"og:image:height\" content=\"283\" \/>\n\t<meta property=\"og:image:type\" content=\"image\/png\" \/>\n<meta name=\"twitter:card\" content=\"summary_large_image\" \/>\n<script type=\"application\/ld+json\" class=\"yoast-schema-graph\">{\"@context\":\"https:\/\/schema.org\",\"@graph\":[{\"@type\":\"WebPage\",\"@id\":\"https:\/\/vl1200.com\/my-account\/\",\"url\":\"https:\/\/vl1200.com\/my-account\/\",\"name\":\"My account - VL1200\",\"isPartOf\":{\"@id\":\"https:\/\/vl1200.com\/#website\"},\"datePublished\":\"2017-07-12T17:19:00+00:00\",\"breadcrumb\":{\"@id\":\"https:\/\/vl1200.com\/my-account\/#breadcrumb\"},\"inLanguage\":\"hu\",\"potentialAction\":[{\"@type\":\"ReadAction\",\"target\":[\"https:\/\/vl1200.com\/my-account\/\"]}]},{\"@type\":\"BreadcrumbList\",\"@id\":\"https:\/\/vl1200.com\/my-account\/#breadcrumb\",\"itemListElement\":[{\"@type\":\"ListItem\",\"position\":1,\"name\":\"Kezd\u0151lap\",\"item\":\"https:\/\/vl1200.com\/oldalunk-frissites-alatt\/\"},{\"@type\":\"ListItem\",\"position\":2,\"name\":\"My account\"}]},{\"@type\":\"WebSite\",\"@id\":\"https:\/\/vl1200.com\/#website\",\"url\":\"https:\/\/vl1200.com\/\",\"name\":\"VL1200\",\"description\":\"Az intim fiatals\u00e1g megtarthat\u00f3 \u00e9s visszanyerhet\u0151. Anti-aging kezel\u00e9ssel a h\u00fcvely visszanyeri fiatalos rugalmass\u00e1g\u00e1t, a v\u00e1s\u00e1rl\u00f3ink pedig \u00f6nbizalmukat \u00e9s magabiztoss\u00e1gukat.\",\"potentialAction\":[{\"@type\":\"SearchAction\",\"target\":{\"@type\":\"EntryPoint\",\"urlTemplate\":\"https:\/\/vl1200.com\/?s={search_term_string}\"},\"query-input\":{\"@type\":\"PropertyValueSpecification\",\"valueRequired\":true,\"valueName\":\"search_term_string\"}}],\"inLanguage\":\"hu\"}]}<\/script>\n<!-- \/ Yoast SEO plugin. -->","yoast_head_json":{"title":"My account - VL1200","robots":{"index":"index","follow":"follow","max-snippet":"max-snippet:-1","max-image-preview":"max-image-preview:large","max-video-preview":"max-video-preview:-1"},"canonical":"https:\/\/vl1200.com\/my-account\/","og_locale":"hu_HU","og_type":"article","og_title":"My account - VL1200","og_url":"https:\/\/vl1200.com\/my-account\/","og_site_name":"VL1200","og_image":[{"width":850,"height":283,"url":"https:\/\/vl1200.com\/wp-content\/uploads\/2025\/09\/vl1200-hosszu.png","type":"image\/png"}],"twitter_card":"summary_large_image","schema":{"@context":"https:\/\/schema.org","@graph":[{"@type":"WebPage","@id":"https:\/\/vl1200.com\/my-account\/","url":"https:\/\/vl1200.com\/my-account\/","name":"My account - VL1200","isPartOf":{"@id":"https:\/\/vl1200.com\/#website"},"datePublished":"2017-07-12T17:19:00+00:00","breadcrumb":{"@id":"https:\/\/vl1200.com\/my-account\/#breadcrumb"},"inLanguage":"hu","potentialAction":[{"@type":"ReadAction","target":["https:\/\/vl1200.com\/my-account\/"]}]},{"@type":"BreadcrumbList","@id":"https:\/\/vl1200.com\/my-account\/#breadcrumb","itemListElement":[{"@type":"ListItem","position":1,"name":"Kezd\u0151lap","item":"https:\/\/vl1200.com\/oldalunk-frissites-alatt\/"},{"@type":"ListItem","position":2,"name":"My account"}]},{"@type":"WebSite","@id":"https:\/\/vl1200.com\/#website","url":"https:\/\/vl1200.com\/","name":"VL1200","description":"Az intim fiatals\u00e1g megtarthat\u00f3 \u00e9s visszanyerhet\u0151. Anti-aging kezel\u00e9ssel a h\u00fcvely visszanyeri fiatalos rugalmass\u00e1g\u00e1t, a v\u00e1s\u00e1rl\u00f3ink pedig \u00f6nbizalmukat \u00e9s magabiztoss\u00e1gukat.","potentialAction":[{"@type":"SearchAction","target":{"@type":"EntryPoint","urlTemplate":"https:\/\/vl1200.com\/?s={search_term_string}"},"query-input":{"@type":"PropertyValueSpecification","valueRequired":true,"valueName":"search_term_string"}}],"inLanguage":"hu"}]}},"_links":{"self":[{"href":"https:\/\/vl1200.com\/hu\/wp-json\/wp\/v2\/pages\/617","targetHints":{"allow":["GET"]}}],"collection":[{"href":"https:\/\/vl1200.com\/hu\/wp-json\/wp\/v2\/pages"}],"about":[{"href":"https:\/\/vl1200.com\/hu\/wp-json\/wp\/v2\/types\/page"}],"author":[{"embeddable":true,"href":"https:\/\/vl1200.com\/hu\/wp-json\/wp\/v2\/users\/1"}],"replies":[{"embeddable":true,"href":"https:\/\/vl1200.com\/hu\/wp-json\/wp\/v2\/comments?post=617"}],"version-history":[{"count":0,"href":"https:\/\/vl1200.com\/hu\/wp-json\/wp\/v2\/pages\/617\/revisions"}],"wp:attachment":[{"href":"https:\/\/vl1200.com\/hu\/wp-json\/wp\/v2\/media?parent=617"}],"curies":[{"name":"wp","href":"https:\/\/api.w.org\/{rel}","templated":true}]}}