{"id":11720,"date":"2025-10-10T03:42:33","date_gmt":"2025-10-10T03:42:33","guid":{"rendered":"https:\/\/vl1200.com\/impresszum\/"},"modified":"2025-12-21T20:46:42","modified_gmt":"2025-12-21T20:46:42","slug":"imprint","status":"publish","type":"page","link":"https:\/\/vl1200.com\/pl\/imprint\/","title":{"rendered":"Imprint"},"content":{"rendered":"<div class=\"wpb-content-wrapper\"><p>[vc_section full_width=&#8221;stretch_row&#8221;][vc_row][vc_column]<div class=\"es-resp\">\t<div class=\"visible-xl\" style=\"height: 80px;\"><\/div>\t<div class=\"hidden-xl hidden-md hidden-sm hidden-ms hidden-xs\" style=\"height: 80px;\"><\/div>\t<div class=\"visible-md\" style=\"height: 80px;\"><\/div>\t<div class=\"visible-sm \" style=\"height: 80px;\"><\/div>\t<div class=\"visible-ms\" style=\"height: 80px;\"><\/div>\t<div class=\"visible-xs\" style=\"height: 80px;\"><\/div><\/div>[vc_column_text css=&#8221;&#8221;]<strong>Stopka redakcyjna: Dane Us\u0142ugodawcy (Sprzedawcy, Firmy).<\/strong><\/p>\n<p><strong>Nazwa:<\/strong> Human Medical Center Sp\u00f3\u0142ka z ograniczon\u0105 odpowiedzialno\u015bci\u0105<\/p>\n<p><strong>Siedziba g\u0142\u00f3wna:<\/strong> 1081 Budapeszt, N\u00e9psz\u00ednh\u00e1z utca 22. Fsz. 5. ajto<\/p>\n<p><strong>Adres do korespondencji:<\/strong> 1081 Budapest N\u00e9psz\u00ednh\u00e1z u. 22. fsz. 5.<\/p>\n<p><strong>Adres sklepu, punktu odbioru:<\/strong> 1081 Budapest N\u00e9psz\u00ednh\u00e1z u. 22. fsz. 5.<\/p>\n<p><strong>Organ rejestruj\u0105cy:<\/strong> Wpisany do Rejestru Handlowego S\u0105du Metropolitalnego w Budapeszcie<\/p>\n<p><strong>Numer rejestrowy sp\u00f3\u0142ki:<\/strong> 01-09-419599<\/p>\n<p><strong>Numer identyfikacji podatkowej:<\/strong> 25768259-2-42<\/p>\n<p><strong>Przedstawiciel:<\/strong> Szil\u00e1rd T\u00f6reky, Dyrektor Zarz\u0105dzaj\u0105cy (Prezes Zarz\u0105du), Korn\u00e9l F\u00fcl\u00f6p, Dyrektor Zarz\u0105dzaj\u0105cy (Prezes Zarz\u0105du)<\/p>\n<p><strong>Numer telefonu:<\/strong> 0670-702-7503<\/p>\n<p><strong>E-mail:<\/strong> info@vl1200.com<\/p>\n<p>Strona internetowa: www.vl1200.hu<\/p>\n<p>Numer konta bankowego: 10403136-50526751-51511002<\/p>\n<p>Dane dostawcy hostingu<\/p>\n<ul>\n<li>Nazwa dostawcy us\u0142ug: RACKFOREST ZRT.<\/li>\n<li>Siedziba g\u0142\u00f3wna \/ Lokalizacja: 1132 Budapeszt, ul. Victora Hugo 11, 5. pi\u0119tro. B05001.<\/li>\n<li>E-mail: info@rackforest.hu<\/li>\n<li>Strona internetowa: rackforest.com<\/li>\n<\/ul>\n<p>[\/vc_column_text][\/vc_column][\/vc_row][\/vc_section]<\/p>\n<\/div>","protected":false},"excerpt":{"rendered":"<p>[vc_section full_width=&#8221;stretch_row&#8221;][vc_row][vc_column][vc_column_text css=&#8221;&#8221;]Stopka redakcyjna: Dane Us\u0142ugodawcy (Sprzedawcy, Firmy). Nazwa: Human Medical Center Sp\u00f3\u0142ka z ograniczon\u0105 odpowiedzialno\u015bci\u0105 Siedziba g\u0142\u00f3wna: 1081 Budapeszt, N\u00e9psz\u00ednh\u00e1z utca 22. Fsz. 5. ajto Adres do korespondencji: 1081 Budapest N\u00e9psz\u00ednh\u00e1z u. 22. fsz. 5. Adres sklepu, punktu odbioru: 1081 Budapest N\u00e9psz\u00ednh\u00e1z u. 22. fsz. 5. Organ rejestruj\u0105cy: Wpisany do Rejestru Handlowego S\u0105du Metropolitalnego w Budapeszcie Numer rejestrowy sp\u00f3\u0142ki: 01-09-419599 Numer identyfikacji podatkowej: 25768259-2-42 Przedstawiciel: Szil\u00e1rd T\u00f6reky, Dyrektor Zarz\u0105dzaj\u0105cy (Prezes Zarz\u0105du), Korn\u00e9l F\u00fcl\u00f6p, Dyrektor Zarz\u0105dzaj\u0105cy (Prezes Zarz\u0105du) Numer telefonu: 0670-702-7503 E-mail: info@vl1200.com Strona internetowa: www.vl1200.hu Numer konta bankowego: 10403136-50526751-51511002 Dane dostawcy hostingu Nazwa dostawcy us\u0142ug: RACKFOREST ZRT. Siedziba g\u0142\u00f3wna [&hellip;]<\/p>\n","protected":false},"author":1,"featured_media":0,"parent":0,"menu_order":0,"comment_status":"closed","ping_status":"closed","template":"page-templates\/full-width.php","meta":{"footnotes":""},"class_list":["post-11720","page","type-page","status-publish","hentry"],"yoast_head":"<!-- This site is optimized with the Yoast SEO plugin v26.4 - https:\/\/yoast.com\/wordpress\/plugins\/seo\/ -->\n<title>Imprint - VL1200<\/title>\n<meta name=\"robots\" content=\"index, follow, max-snippet:-1, max-image-preview:large, max-video-preview:-1\" \/>\n<link rel=\"canonical\" href=\"https:\/\/vl1200.com\/pl\/imprint\/\" \/>\n<meta property=\"og:locale\" content=\"pl_PL\" \/>\n<meta property=\"og:type\" content=\"article\" \/>\n<meta property=\"og:title\" content=\"Imprint - VL1200\" \/>\n<meta property=\"og:description\" content=\"[vc_section full_width=&#8221;stretch_row&#8221;][vc_row][vc_column][vc_column_text css=&#8221;&#8221;]Stopka redakcyjna: Dane Us\u0142ugodawcy (Sprzedawcy, Firmy). Nazwa: Human Medical Center Sp\u00f3\u0142ka z ograniczon\u0105 odpowiedzialno\u015bci\u0105 Siedziba g\u0142\u00f3wna: 1081 Budapeszt, N\u00e9psz\u00ednh\u00e1z utca 22. Fsz. 5. ajto Adres do korespondencji: 1081 Budapest N\u00e9psz\u00ednh\u00e1z u. 22. fsz. 5. Adres sklepu, punktu odbioru: 1081 Budapest N\u00e9psz\u00ednh\u00e1z u. 22. fsz. 5. Organ rejestruj\u0105cy: Wpisany do Rejestru Handlowego S\u0105du Metropolitalnego w Budapeszcie Numer rejestrowy sp\u00f3\u0142ki: 01-09-419599 Numer identyfikacji podatkowej: 25768259-2-42 Przedstawiciel: Szil\u00e1rd T\u00f6reky, Dyrektor Zarz\u0105dzaj\u0105cy (Prezes Zarz\u0105du), Korn\u00e9l F\u00fcl\u00f6p, Dyrektor Zarz\u0105dzaj\u0105cy (Prezes Zarz\u0105du) Numer telefonu: 0670-702-7503 E-mail: info@vl1200.com Strona internetowa: www.vl1200.hu Numer konta bankowego: 10403136-50526751-51511002 Dane dostawcy hostingu Nazwa dostawcy us\u0142ug: RACKFOREST ZRT. Siedziba g\u0142\u00f3wna [&hellip;]\" \/>\n<meta property=\"og:url\" content=\"https:\/\/vl1200.com\/pl\/imprint\/\" \/>\n<meta property=\"og:site_name\" content=\"VL1200\" \/>\n<meta property=\"article:modified_time\" content=\"2025-12-21T20:46:42+00:00\" \/>\n<meta property=\"og:image\" content=\"https:\/\/vl1200.com\/wp-content\/uploads\/2025\/09\/vl1200-hosszu.png\" \/>\n\t<meta property=\"og:image:width\" content=\"850\" \/>\n\t<meta property=\"og:image:height\" content=\"283\" \/>\n\t<meta property=\"og:image:type\" content=\"image\/png\" \/>\n<meta name=\"twitter:card\" content=\"summary_large_image\" \/>\n<meta name=\"twitter:label1\" content=\"Szacowany czas czytania\" \/>\n\t<meta name=\"twitter:data1\" content=\"1 minuta\" \/>\n<script type=\"application\/ld+json\" class=\"yoast-schema-graph\">{\"@context\":\"https:\/\/schema.org\",\"@graph\":[{\"@type\":\"WebPage\",\"@id\":\"https:\/\/vl1200.com\/pl\/imprint\/\",\"url\":\"https:\/\/vl1200.com\/pl\/imprint\/\",\"name\":\"Imprint - VL1200\",\"isPartOf\":{\"@id\":\"https:\/\/vl1200.com\/#website\"},\"datePublished\":\"2025-10-10T03:42:33+00:00\",\"dateModified\":\"2025-12-21T20:46:42+00:00\",\"breadcrumb\":{\"@id\":\"https:\/\/vl1200.com\/pl\/imprint\/#breadcrumb\"},\"inLanguage\":\"pl-PL\",\"potentialAction\":[{\"@type\":\"ReadAction\",\"target\":[\"https:\/\/vl1200.com\/pl\/imprint\/\"]}]},{\"@type\":\"BreadcrumbList\",\"@id\":\"https:\/\/vl1200.com\/pl\/imprint\/#breadcrumb\",\"itemListElement\":[{\"@type\":\"ListItem\",\"position\":1,\"name\":\"Kezd\u0151lap\",\"item\":\"https:\/\/vl1200.com\/oldalunk-frissites-alatt\/\"},{\"@type\":\"ListItem\",\"position\":2,\"name\":\"Imprint\"}]},{\"@type\":\"WebSite\",\"@id\":\"https:\/\/vl1200.com\/#website\",\"url\":\"https:\/\/vl1200.com\/\",\"name\":\"VL1200\",\"description\":\"Az intim fiatals\u00e1g megtarthat\u00f3 \u00e9s visszanyerhet\u0151. Anti-aging kezel\u00e9ssel a h\u00fcvely visszanyeri fiatalos rugalmass\u00e1g\u00e1t, a v\u00e1s\u00e1rl\u00f3ink pedig \u00f6nbizalmukat \u00e9s magabiztoss\u00e1gukat.\",\"potentialAction\":[{\"@type\":\"SearchAction\",\"target\":{\"@type\":\"EntryPoint\",\"urlTemplate\":\"https:\/\/vl1200.com\/?s={search_term_string}\"},\"query-input\":{\"@type\":\"PropertyValueSpecification\",\"valueRequired\":true,\"valueName\":\"search_term_string\"}}],\"inLanguage\":\"pl-PL\"}]}<\/script>\n<!-- \/ Yoast SEO plugin. -->","yoast_head_json":{"title":"Imprint - VL1200","robots":{"index":"index","follow":"follow","max-snippet":"max-snippet:-1","max-image-preview":"max-image-preview:large","max-video-preview":"max-video-preview:-1"},"canonical":"https:\/\/vl1200.com\/pl\/imprint\/","og_locale":"pl_PL","og_type":"article","og_title":"Imprint - VL1200","og_description":"[vc_section full_width=&#8221;stretch_row&#8221;][vc_row][vc_column][vc_column_text css=&#8221;&#8221;]Stopka redakcyjna: Dane Us\u0142ugodawcy (Sprzedawcy, Firmy). Nazwa: Human Medical Center Sp\u00f3\u0142ka z ograniczon\u0105 odpowiedzialno\u015bci\u0105 Siedziba g\u0142\u00f3wna: 1081 Budapeszt, N\u00e9psz\u00ednh\u00e1z utca 22. Fsz. 5. ajto Adres do korespondencji: 1081 Budapest N\u00e9psz\u00ednh\u00e1z u. 22. fsz. 5. Adres sklepu, punktu odbioru: 1081 Budapest N\u00e9psz\u00ednh\u00e1z u. 22. fsz. 5. Organ rejestruj\u0105cy: Wpisany do Rejestru Handlowego S\u0105du Metropolitalnego w Budapeszcie Numer rejestrowy sp\u00f3\u0142ki: 01-09-419599 Numer identyfikacji podatkowej: 25768259-2-42 Przedstawiciel: Szil\u00e1rd T\u00f6reky, Dyrektor Zarz\u0105dzaj\u0105cy (Prezes Zarz\u0105du), Korn\u00e9l F\u00fcl\u00f6p, Dyrektor Zarz\u0105dzaj\u0105cy (Prezes Zarz\u0105du) Numer telefonu: 0670-702-7503 E-mail: info@vl1200.com Strona internetowa: www.vl1200.hu Numer konta bankowego: 10403136-50526751-51511002 Dane dostawcy hostingu Nazwa dostawcy us\u0142ug: RACKFOREST ZRT. Siedziba g\u0142\u00f3wna [&hellip;]","og_url":"https:\/\/vl1200.com\/pl\/imprint\/","og_site_name":"VL1200","article_modified_time":"2025-12-21T20:46:42+00:00","og_image":[{"width":850,"height":283,"url":"https:\/\/vl1200.com\/wp-content\/uploads\/2025\/09\/vl1200-hosszu.png","type":"image\/png"}],"twitter_card":"summary_large_image","twitter_misc":{"Szacowany czas czytania":"1 minuta"},"schema":{"@context":"https:\/\/schema.org","@graph":[{"@type":"WebPage","@id":"https:\/\/vl1200.com\/pl\/imprint\/","url":"https:\/\/vl1200.com\/pl\/imprint\/","name":"Imprint - VL1200","isPartOf":{"@id":"https:\/\/vl1200.com\/#website"},"datePublished":"2025-10-10T03:42:33+00:00","dateModified":"2025-12-21T20:46:42+00:00","breadcrumb":{"@id":"https:\/\/vl1200.com\/pl\/imprint\/#breadcrumb"},"inLanguage":"pl-PL","potentialAction":[{"@type":"ReadAction","target":["https:\/\/vl1200.com\/pl\/imprint\/"]}]},{"@type":"BreadcrumbList","@id":"https:\/\/vl1200.com\/pl\/imprint\/#breadcrumb","itemListElement":[{"@type":"ListItem","position":1,"name":"Kezd\u0151lap","item":"https:\/\/vl1200.com\/oldalunk-frissites-alatt\/"},{"@type":"ListItem","position":2,"name":"Imprint"}]},{"@type":"WebSite","@id":"https:\/\/vl1200.com\/#website","url":"https:\/\/vl1200.com\/","name":"VL1200","description":"Az intim fiatals\u00e1g megtarthat\u00f3 \u00e9s visszanyerhet\u0151. Anti-aging kezel\u00e9ssel a h\u00fcvely visszanyeri fiatalos rugalmass\u00e1g\u00e1t, a v\u00e1s\u00e1rl\u00f3ink pedig \u00f6nbizalmukat \u00e9s magabiztoss\u00e1gukat.","potentialAction":[{"@type":"SearchAction","target":{"@type":"EntryPoint","urlTemplate":"https:\/\/vl1200.com\/?s={search_term_string}"},"query-input":{"@type":"PropertyValueSpecification","valueRequired":true,"valueName":"search_term_string"}}],"inLanguage":"pl-PL"}]}},"_links":{"self":[{"href":"https:\/\/vl1200.com\/pl\/wp-json\/wp\/v2\/pages\/11720","targetHints":{"allow":["GET"]}}],"collection":[{"href":"https:\/\/vl1200.com\/pl\/wp-json\/wp\/v2\/pages"}],"about":[{"href":"https:\/\/vl1200.com\/pl\/wp-json\/wp\/v2\/types\/page"}],"author":[{"embeddable":true,"href":"https:\/\/vl1200.com\/pl\/wp-json\/wp\/v2\/users\/1"}],"replies":[{"embeddable":true,"href":"https:\/\/vl1200.com\/pl\/wp-json\/wp\/v2\/comments?post=11720"}],"version-history":[{"count":2,"href":"https:\/\/vl1200.com\/pl\/wp-json\/wp\/v2\/pages\/11720\/revisions"}],"predecessor-version":[{"id":11722,"href":"https:\/\/vl1200.com\/pl\/wp-json\/wp\/v2\/pages\/11720\/revisions\/11722"}],"wp:attachment":[{"href":"https:\/\/vl1200.com\/pl\/wp-json\/wp\/v2\/media?parent=11720"}],"curies":[{"name":"wp","href":"https:\/\/api.w.org\/{rel}","templated":true}]}}