{"id":11890,"date":"2025-11-28T13:30:05","date_gmt":"2025-11-28T13:30:05","guid":{"rendered":"https:\/\/vl1200.com\/product\/vl1200-intymne-rozwiazanie-do-oczyszczania-urzadzen-laserowych\/"},"modified":"2026-01-19T04:55:40","modified_gmt":"2026-01-19T04:55:40","slug":"vl1200-intymne-rozwiazanie-do-oczyszczania-urzadzen-laserowych","status":"publish","type":"product","link":"https:\/\/vl1200.com\/pl\/product\/vl1200-intymne-rozwiazanie-do-oczyszczania-urzadzen-laserowych\/","title":{"rendered":"VL1200 Intymne rozwi\u0105zanie do oczyszczania urz\u0105dze\u0144 laserowych"},"content":{"rendered":"<div class=\"wpb-content-wrapper\"><p>[vc_row][vc_column][vc_column_text css=&#8221;&#8221;]<\/p>\n<p style=\"text-align: center;\"><strong>Opis<\/strong><\/p>\n<p>Ten delikatny, a zarazem skuteczny p\u0142yn czyszcz\u0105cy zosta\u0142 opracowany specjalnie do urz\u0105dze\u0144 laserowych do higieny intymnej, aby zapewni\u0107 higieniczn\u0105 \u015bwie\u017co\u015b\u0107 po ka\u017cdym u\u017cyciu. Jego \u0142agodna formu\u0142a, bez alkoholu, chroni delikatne powierzchnie urz\u0105dzenia, skutecznie usuwaj\u0105c zanieczyszczenia i mikroorganizmy. Szybko schnie, nie pozostawia \u015blad\u00f3w i pomaga utrzyma\u0107 d\u0142ugotrwa\u0142\u0105 wydajno\u015b\u0107 urz\u0105dzenia. Wzbogacony ekstraktem z li\u015bci m\u0105cznicy lekarskiej o w\u0142a\u015bciwo\u015bciach antybakteryjnych.   <\/p>\n<p>Czysto\u015b\u0107 i dba\u0142o\u015b\u0107 \u2014 bo bezpiecze\u0144stwo zaczyna si\u0119 od szczeg\u00f3\u0142\u00f3w.<\/p>\n<p>Sk\u0142adniki: &lt;5% anionowych \u015brodk\u00f3w powierzchniowo czynnych, amfoterycznych \u015brodk\u00f3w powierzchniowo czynnych, kationowych \u015brodk\u00f3w powierzchniowo czynnych (chlorek benzalkoniowy). Pozosta\u0142e sk\u0142adniki: ekstrakt z li\u015bci m\u0105cznicy lekarskiej (Arctostaphylos Uva-Ursi). <\/p>\n<p>Ostrze\u017cenie:<br \/>\n\u2022 Przechowywa\u0107 poza zasi\u0119giem dzieci.<br \/>\n\u2022 Unika\u0107 kontaktu z oczami. W przypadku kontaktu dok\u0142adnie przemy\u0107 wod\u0105.<br \/>\n\u2022 Nie stosowa\u0107 na uszkodzon\u0105, podra\u017cnion\u0105 lub wra\u017cliw\u0105 sk\u00f3r\u0119.<br \/>\n\u2022 Tylko do u\u017cytku zewn\u0119trznego.<br \/>\n\u2022 Trzyma\u0107 z dala od \u017ar\u00f3de\u0142 ciep\u0142a.[\/vc_column_text][\/vc_column][\/vc_row]<\/p>\n<\/div>","protected":false},"excerpt":{"rendered":"<div class=\"woocommerce-product-details__short-description\">\n<p style=\"text-align: center;\"><strong><span class=\"HwtZe\" lang=\"en\"><span class=\"jCAhz ChMk0b\"><span class=\"ryNqvb\">&#8211; Prosz\u0119 wybra\u0107 walut\u0119 &#8211;<\/span><\/span><\/span><\/strong><\/p>\n<\/div>\n","protected":false},"featured_media":11879,"template":"","meta":[],"product_brand":[],"product_cat":[367],"product_tag":[],"class_list":{"0":"post-11890","1":"product","2":"type-product","3":"status-publish","4":"has-post-thumbnail","6":"product_cat-vl1200","9":"first","10":"instock","11":"taxable","12":"shipping-taxable","13":"purchasable","14":"product-type-simple"},"yoast_head":"<!-- This site is optimized with the Yoast SEO plugin v26.4 - https:\/\/yoast.com\/wordpress\/plugins\/seo\/ -->\n<title>VL1200 Intymne rozwi\u0105zanie do oczyszczania urz\u0105dze\u0144 laserowych - VL1200<\/title>\n<meta name=\"robots\" content=\"index, follow, max-snippet:-1, max-image-preview:large, max-video-preview:-1\" \/>\n<link rel=\"canonical\" href=\"https:\/\/vl1200.com\/pl\/product\/vl1200-intymne-rozwiazanie-do-oczyszczania-urzadzen-laserowych\/\" \/>\n<meta property=\"og:locale\" content=\"pl_PL\" \/>\n<meta property=\"og:type\" content=\"article\" \/>\n<meta property=\"og:title\" content=\"VL1200 Intymne rozwi\u0105zanie do oczyszczania urz\u0105dze\u0144 laserowych - VL1200\" \/>\n<meta property=\"og:description\" content=\"- Prosz\u0119 wybra\u0107 walut\u0119 -\" \/>\n<meta property=\"og:url\" content=\"https:\/\/vl1200.com\/pl\/product\/vl1200-intymne-rozwiazanie-do-oczyszczania-urzadzen-laserowych\/\" \/>\n<meta property=\"og:site_name\" content=\"VL1200\" \/>\n<meta property=\"article:modified_time\" content=\"2026-01-19T04:55:40+00:00\" \/>\n<meta property=\"og:image\" content=\"https:\/\/vl1200.com\/wp-content\/uploads\/2025\/11\/VL1200_tisztitoszer-2.png\" \/>\n\t<meta property=\"og:image:width\" content=\"1754\" \/>\n\t<meta property=\"og:image:height\" content=\"1239\" \/>\n\t<meta property=\"og:image:type\" content=\"image\/png\" \/>\n<meta name=\"twitter:card\" content=\"summary_large_image\" \/>\n<meta name=\"twitter:label1\" content=\"Szacowany czas czytania\" \/>\n\t<meta name=\"twitter:data1\" content=\"1 minuta\" \/>\n<script type=\"application\/ld+json\" class=\"yoast-schema-graph\">{\"@context\":\"https:\/\/schema.org\",\"@graph\":[{\"@type\":\"WebPage\",\"@id\":\"https:\/\/vl1200.com\/pl\/product\/vl1200-intymne-rozwiazanie-do-oczyszczania-urzadzen-laserowych\/\",\"url\":\"https:\/\/vl1200.com\/pl\/product\/vl1200-intymne-rozwiazanie-do-oczyszczania-urzadzen-laserowych\/\",\"name\":\"VL1200 Intymne rozwi\u0105zanie do oczyszczania urz\u0105dze\u0144 laserowych - VL1200\",\"isPartOf\":{\"@id\":\"https:\/\/vl1200.com\/#website\"},\"primaryImageOfPage\":{\"@id\":\"https:\/\/vl1200.com\/pl\/product\/vl1200-intymne-rozwiazanie-do-oczyszczania-urzadzen-laserowych\/#primaryimage\"},\"image\":{\"@id\":\"https:\/\/vl1200.com\/pl\/product\/vl1200-intymne-rozwiazanie-do-oczyszczania-urzadzen-laserowych\/#primaryimage\"},\"thumbnailUrl\":\"https:\/\/vl1200.com\/wp-content\/uploads\/2025\/11\/VL1200_tisztitoszer-2.png\",\"datePublished\":\"2025-11-28T13:30:05+00:00\",\"dateModified\":\"2026-01-19T04:55:40+00:00\",\"breadcrumb\":{\"@id\":\"https:\/\/vl1200.com\/pl\/product\/vl1200-intymne-rozwiazanie-do-oczyszczania-urzadzen-laserowych\/#breadcrumb\"},\"inLanguage\":\"pl-PL\",\"potentialAction\":[{\"@type\":\"ReadAction\",\"target\":[\"https:\/\/vl1200.com\/pl\/product\/vl1200-intymne-rozwiazanie-do-oczyszczania-urzadzen-laserowych\/\"]}]},{\"@type\":\"ImageObject\",\"inLanguage\":\"pl-PL\",\"@id\":\"https:\/\/vl1200.com\/pl\/product\/vl1200-intymne-rozwiazanie-do-oczyszczania-urzadzen-laserowych\/#primaryimage\",\"url\":\"https:\/\/vl1200.com\/wp-content\/uploads\/2025\/11\/VL1200_tisztitoszer-2.png\",\"contentUrl\":\"https:\/\/vl1200.com\/wp-content\/uploads\/2025\/11\/VL1200_tisztitoszer-2.png\",\"width\":1754,\"height\":1239},{\"@type\":\"BreadcrumbList\",\"@id\":\"https:\/\/vl1200.com\/pl\/product\/vl1200-intymne-rozwiazanie-do-oczyszczania-urzadzen-laserowych\/#breadcrumb\",\"itemListElement\":[{\"@type\":\"ListItem\",\"position\":1,\"name\":\"Kezd\u0151lap\",\"item\":\"https:\/\/vl1200.com\/oldalunk-frissites-alatt\/\"},{\"@type\":\"ListItem\",\"position\":2,\"name\":\"Vl1200 shop\",\"item\":\"https:\/\/vl1200.com\/pl\/vl1200-shop\/\"},{\"@type\":\"ListItem\",\"position\":3,\"name\":\"VL1200 Intymne rozwi\u0105zanie do oczyszczania urz\u0105dze\u0144 laserowych\"}]},{\"@type\":\"WebSite\",\"@id\":\"https:\/\/vl1200.com\/#website\",\"url\":\"https:\/\/vl1200.com\/\",\"name\":\"VL1200\",\"description\":\"Az intim fiatals\u00e1g megtarthat\u00f3 \u00e9s visszanyerhet\u0151. Anti-aging kezel\u00e9ssel a h\u00fcvely visszanyeri fiatalos rugalmass\u00e1g\u00e1t, a v\u00e1s\u00e1rl\u00f3ink pedig \u00f6nbizalmukat \u00e9s magabiztoss\u00e1gukat.\",\"potentialAction\":[{\"@type\":\"SearchAction\",\"target\":{\"@type\":\"EntryPoint\",\"urlTemplate\":\"https:\/\/vl1200.com\/?s={search_term_string}\"},\"query-input\":{\"@type\":\"PropertyValueSpecification\",\"valueRequired\":true,\"valueName\":\"search_term_string\"}}],\"inLanguage\":\"pl-PL\"}]}<\/script>\n<!-- \/ Yoast SEO plugin. -->","yoast_head_json":{"title":"VL1200 Intymne rozwi\u0105zanie do oczyszczania urz\u0105dze\u0144 laserowych - VL1200","robots":{"index":"index","follow":"follow","max-snippet":"max-snippet:-1","max-image-preview":"max-image-preview:large","max-video-preview":"max-video-preview:-1"},"canonical":"https:\/\/vl1200.com\/pl\/product\/vl1200-intymne-rozwiazanie-do-oczyszczania-urzadzen-laserowych\/","og_locale":"pl_PL","og_type":"article","og_title":"VL1200 Intymne rozwi\u0105zanie do oczyszczania urz\u0105dze\u0144 laserowych - VL1200","og_description":"- Prosz\u0119 wybra\u0107 walut\u0119 -","og_url":"https:\/\/vl1200.com\/pl\/product\/vl1200-intymne-rozwiazanie-do-oczyszczania-urzadzen-laserowych\/","og_site_name":"VL1200","article_modified_time":"2026-01-19T04:55:40+00:00","og_image":[{"width":1754,"height":1239,"url":"https:\/\/vl1200.com\/wp-content\/uploads\/2025\/11\/VL1200_tisztitoszer-2.png","type":"image\/png"}],"twitter_card":"summary_large_image","twitter_misc":{"Szacowany czas czytania":"1 minuta"},"schema":{"@context":"https:\/\/schema.org","@graph":[{"@type":"WebPage","@id":"https:\/\/vl1200.com\/pl\/product\/vl1200-intymne-rozwiazanie-do-oczyszczania-urzadzen-laserowych\/","url":"https:\/\/vl1200.com\/pl\/product\/vl1200-intymne-rozwiazanie-do-oczyszczania-urzadzen-laserowych\/","name":"VL1200 Intymne rozwi\u0105zanie do oczyszczania urz\u0105dze\u0144 laserowych - VL1200","isPartOf":{"@id":"https:\/\/vl1200.com\/#website"},"primaryImageOfPage":{"@id":"https:\/\/vl1200.com\/pl\/product\/vl1200-intymne-rozwiazanie-do-oczyszczania-urzadzen-laserowych\/#primaryimage"},"image":{"@id":"https:\/\/vl1200.com\/pl\/product\/vl1200-intymne-rozwiazanie-do-oczyszczania-urzadzen-laserowych\/#primaryimage"},"thumbnailUrl":"https:\/\/vl1200.com\/wp-content\/uploads\/2025\/11\/VL1200_tisztitoszer-2.png","datePublished":"2025-11-28T13:30:05+00:00","dateModified":"2026-01-19T04:55:40+00:00","breadcrumb":{"@id":"https:\/\/vl1200.com\/pl\/product\/vl1200-intymne-rozwiazanie-do-oczyszczania-urzadzen-laserowych\/#breadcrumb"},"inLanguage":"pl-PL","potentialAction":[{"@type":"ReadAction","target":["https:\/\/vl1200.com\/pl\/product\/vl1200-intymne-rozwiazanie-do-oczyszczania-urzadzen-laserowych\/"]}]},{"@type":"ImageObject","inLanguage":"pl-PL","@id":"https:\/\/vl1200.com\/pl\/product\/vl1200-intymne-rozwiazanie-do-oczyszczania-urzadzen-laserowych\/#primaryimage","url":"https:\/\/vl1200.com\/wp-content\/uploads\/2025\/11\/VL1200_tisztitoszer-2.png","contentUrl":"https:\/\/vl1200.com\/wp-content\/uploads\/2025\/11\/VL1200_tisztitoszer-2.png","width":1754,"height":1239},{"@type":"BreadcrumbList","@id":"https:\/\/vl1200.com\/pl\/product\/vl1200-intymne-rozwiazanie-do-oczyszczania-urzadzen-laserowych\/#breadcrumb","itemListElement":[{"@type":"ListItem","position":1,"name":"Kezd\u0151lap","item":"https:\/\/vl1200.com\/oldalunk-frissites-alatt\/"},{"@type":"ListItem","position":2,"name":"Vl1200 shop","item":"https:\/\/vl1200.com\/pl\/vl1200-shop\/"},{"@type":"ListItem","position":3,"name":"VL1200 Intymne rozwi\u0105zanie do oczyszczania urz\u0105dze\u0144 laserowych"}]},{"@type":"WebSite","@id":"https:\/\/vl1200.com\/#website","url":"https:\/\/vl1200.com\/","name":"VL1200","description":"Az intim fiatals\u00e1g megtarthat\u00f3 \u00e9s visszanyerhet\u0151. Anti-aging kezel\u00e9ssel a h\u00fcvely visszanyeri fiatalos rugalmass\u00e1g\u00e1t, a v\u00e1s\u00e1rl\u00f3ink pedig \u00f6nbizalmukat \u00e9s magabiztoss\u00e1gukat.","potentialAction":[{"@type":"SearchAction","target":{"@type":"EntryPoint","urlTemplate":"https:\/\/vl1200.com\/?s={search_term_string}"},"query-input":{"@type":"PropertyValueSpecification","valueRequired":true,"valueName":"search_term_string"}}],"inLanguage":"pl-PL"}]}},"_links":{"self":[{"href":"https:\/\/vl1200.com\/pl\/wp-json\/wp\/v2\/product\/11890","targetHints":{"allow":["GET"]}}],"collection":[{"href":"https:\/\/vl1200.com\/pl\/wp-json\/wp\/v2\/product"}],"about":[{"href":"https:\/\/vl1200.com\/pl\/wp-json\/wp\/v2\/types\/product"}],"wp:featuredmedia":[{"embeddable":true,"href":"https:\/\/vl1200.com\/pl\/wp-json\/wp\/v2\/media\/11879"}],"wp:attachment":[{"href":"https:\/\/vl1200.com\/pl\/wp-json\/wp\/v2\/media?parent=11890"}],"wp:term":[{"taxonomy":"product_brand","embeddable":true,"href":"https:\/\/vl1200.com\/pl\/wp-json\/wp\/v2\/product_brand?post=11890"},{"taxonomy":"product_cat","embeddable":true,"href":"https:\/\/vl1200.com\/pl\/wp-json\/wp\/v2\/product_cat?post=11890"},{"taxonomy":"product_tag","embeddable":true,"href":"https:\/\/vl1200.com\/pl\/wp-json\/wp\/v2\/product_tag?post=11890"}],"curies":[{"name":"wp","href":"https:\/\/api.w.org\/{rel}","templated":true}]}}