{"id":11891,"date":"2025-11-28T13:27:36","date_gmt":"2025-11-28T13:27:36","guid":{"rendered":"https:\/\/vl1200.com\/product\/zel-intymny-na-bazie-wody-vl1200\/"},"modified":"2026-01-19T05:16:01","modified_gmt":"2026-01-19T05:16:01","slug":"zel-intymny-na-bazie-wody-vl1200","status":"publish","type":"product","link":"https:\/\/vl1200.com\/pl\/product\/zel-intymny-na-bazie-wody-vl1200\/","title":{"rendered":"\u017bel intymny na bazie wody VL1200"},"content":{"rendered":"<div class=\"wpb-content-wrapper\"><p>[vc_row][vc_column][vc_column_text css=&#8221;&#8221;]<\/p>\n<p style=\"text-align: center;\"><strong>Opis<\/strong><\/p>\n<p>Ten przyjazny dla sk\u00f3ry \u017cel na bazie wody pomaga przywr\u00f3ci\u0107 naturalne nawil\u017cenie, zapewniaj\u0105c jednocze\u015bnie g\u0142adko\u015b\u0107 i komfort w czasie zbli\u017ce\u0144. Lekka, nieklej\u0105ca si\u0119 konsystencja zapewnia delikatn\u0105 piel\u0119gnacj\u0119, zwi\u0119ksza komfort i chroni wra\u017cliwe miejsca. Nie zawiera substancji zapachowych ani paraben\u00f3w, dbaj\u0105c o naturaln\u0105 r\u00f3wnowag\u0119 organizmu.<\/p>\n<p>Jedwabisty dotyk, naturalna harmonia.<\/p>\n<p>Sk\u0142adniki: Woda, propanediol, hydroksyetyloceluloza, kwas mlekowy, ekstrakt z li\u015bci m\u0105cznicy lekarskiej, EDTA tetrasodu, alkohol, chlorek benzalkoniowy, alkohol izopropylowy.<\/p>\n<p>Ostrze\u017cenie:<br \/>\n\u2022 Przechowywa\u0107 poza zasi\u0119giem dzieci.<br \/>\n\u2022 Unika\u0107 kontaktu z oczami i ustami.<br \/>\n\u2022 Nie stosowa\u0107 na uszkodzon\u0105 lub podra\u017cnion\u0105 b\u0142on\u0119 \u015bluzow\u0105.<br \/>\n\u2022 Przerwa\u0107 stosowanie w przypadku wyst\u0105pienia reakcji alergicznej.[\/vc_column_text][\/vc_column][\/vc_row]<\/p>\n<\/div>","protected":false},"excerpt":{"rendered":"<p style=\"text-align: center;\"><strong><span class=\"HwtZe\" lang=\"en\"><span class=\"jCAhz ChMk0b\"><span class=\"ryNqvb\">&#8211; Prosz\u0119 wybra\u0107 walut\u0119 &#8211;<\/span><\/span><\/span><\/strong><\/p>\n","protected":false},"featured_media":11874,"template":"","meta":[],"product_brand":[],"product_cat":[367],"product_tag":[],"class_list":{"0":"post-11891","1":"product","2":"type-product","3":"status-publish","4":"has-post-thumbnail","6":"product_cat-vl1200","9":"first","10":"instock","11":"taxable","12":"shipping-taxable","13":"purchasable","14":"product-type-simple"},"yoast_head":"<!-- This site is optimized with the Yoast SEO plugin v26.4 - https:\/\/yoast.com\/wordpress\/plugins\/seo\/ -->\n<title>\u017bel intymny na bazie wody VL1200 - VL1200<\/title>\n<meta name=\"robots\" content=\"index, follow, max-snippet:-1, max-image-preview:large, max-video-preview:-1\" \/>\n<link rel=\"canonical\" href=\"https:\/\/vl1200.com\/pl\/product\/zel-intymny-na-bazie-wody-vl1200\/\" \/>\n<meta property=\"og:locale\" content=\"pl_PL\" \/>\n<meta property=\"og:type\" content=\"article\" \/>\n<meta property=\"og:title\" content=\"\u017bel intymny na bazie wody VL1200 - VL1200\" \/>\n<meta property=\"og:description\" content=\"- Prosz\u0119 wybra\u0107 walut\u0119 -\" \/>\n<meta property=\"og:url\" content=\"https:\/\/vl1200.com\/pl\/product\/zel-intymny-na-bazie-wody-vl1200\/\" \/>\n<meta property=\"og:site_name\" content=\"VL1200\" \/>\n<meta property=\"article:modified_time\" content=\"2026-01-19T05:16:01+00:00\" \/>\n<meta property=\"og:image\" content=\"https:\/\/vl1200.com\/wp-content\/uploads\/2025\/11\/sikosto.png\" \/>\n\t<meta property=\"og:image:width\" content=\"1754\" \/>\n\t<meta property=\"og:image:height\" content=\"1239\" \/>\n\t<meta property=\"og:image:type\" content=\"image\/png\" \/>\n<meta name=\"twitter:card\" content=\"summary_large_image\" \/>\n<meta name=\"twitter:label1\" content=\"Szacowany czas czytania\" \/>\n\t<meta name=\"twitter:data1\" content=\"1 minuta\" \/>\n<script type=\"application\/ld+json\" class=\"yoast-schema-graph\">{\"@context\":\"https:\/\/schema.org\",\"@graph\":[{\"@type\":\"WebPage\",\"@id\":\"https:\/\/vl1200.com\/pl\/product\/zel-intymny-na-bazie-wody-vl1200\/\",\"url\":\"https:\/\/vl1200.com\/pl\/product\/zel-intymny-na-bazie-wody-vl1200\/\",\"name\":\"\u017bel intymny na bazie wody VL1200 - VL1200\",\"isPartOf\":{\"@id\":\"https:\/\/vl1200.com\/#website\"},\"primaryImageOfPage\":{\"@id\":\"https:\/\/vl1200.com\/pl\/product\/zel-intymny-na-bazie-wody-vl1200\/#primaryimage\"},\"image\":{\"@id\":\"https:\/\/vl1200.com\/pl\/product\/zel-intymny-na-bazie-wody-vl1200\/#primaryimage\"},\"thumbnailUrl\":\"https:\/\/vl1200.com\/wp-content\/uploads\/2025\/11\/sikosto.png\",\"datePublished\":\"2025-11-28T13:27:36+00:00\",\"dateModified\":\"2026-01-19T05:16:01+00:00\",\"breadcrumb\":{\"@id\":\"https:\/\/vl1200.com\/pl\/product\/zel-intymny-na-bazie-wody-vl1200\/#breadcrumb\"},\"inLanguage\":\"pl-PL\",\"potentialAction\":[{\"@type\":\"ReadAction\",\"target\":[\"https:\/\/vl1200.com\/pl\/product\/zel-intymny-na-bazie-wody-vl1200\/\"]}]},{\"@type\":\"ImageObject\",\"inLanguage\":\"pl-PL\",\"@id\":\"https:\/\/vl1200.com\/pl\/product\/zel-intymny-na-bazie-wody-vl1200\/#primaryimage\",\"url\":\"https:\/\/vl1200.com\/wp-content\/uploads\/2025\/11\/sikosto.png\",\"contentUrl\":\"https:\/\/vl1200.com\/wp-content\/uploads\/2025\/11\/sikosto.png\",\"width\":1754,\"height\":1239},{\"@type\":\"BreadcrumbList\",\"@id\":\"https:\/\/vl1200.com\/pl\/product\/zel-intymny-na-bazie-wody-vl1200\/#breadcrumb\",\"itemListElement\":[{\"@type\":\"ListItem\",\"position\":1,\"name\":\"Kezd\u0151lap\",\"item\":\"https:\/\/vl1200.com\/oldalunk-frissites-alatt\/\"},{\"@type\":\"ListItem\",\"position\":2,\"name\":\"Vl1200 shop\",\"item\":\"https:\/\/vl1200.com\/pl\/vl1200-shop\/\"},{\"@type\":\"ListItem\",\"position\":3,\"name\":\"\u017bel intymny na bazie wody VL1200\"}]},{\"@type\":\"WebSite\",\"@id\":\"https:\/\/vl1200.com\/#website\",\"url\":\"https:\/\/vl1200.com\/\",\"name\":\"VL1200\",\"description\":\"Az intim fiatals\u00e1g megtarthat\u00f3 \u00e9s visszanyerhet\u0151. Anti-aging kezel\u00e9ssel a h\u00fcvely visszanyeri fiatalos rugalmass\u00e1g\u00e1t, a v\u00e1s\u00e1rl\u00f3ink pedig \u00f6nbizalmukat \u00e9s magabiztoss\u00e1gukat.\",\"potentialAction\":[{\"@type\":\"SearchAction\",\"target\":{\"@type\":\"EntryPoint\",\"urlTemplate\":\"https:\/\/vl1200.com\/?s={search_term_string}\"},\"query-input\":{\"@type\":\"PropertyValueSpecification\",\"valueRequired\":true,\"valueName\":\"search_term_string\"}}],\"inLanguage\":\"pl-PL\"}]}<\/script>\n<!-- \/ Yoast SEO plugin. -->","yoast_head_json":{"title":"\u017bel intymny na bazie wody VL1200 - VL1200","robots":{"index":"index","follow":"follow","max-snippet":"max-snippet:-1","max-image-preview":"max-image-preview:large","max-video-preview":"max-video-preview:-1"},"canonical":"https:\/\/vl1200.com\/pl\/product\/zel-intymny-na-bazie-wody-vl1200\/","og_locale":"pl_PL","og_type":"article","og_title":"\u017bel intymny na bazie wody VL1200 - VL1200","og_description":"- Prosz\u0119 wybra\u0107 walut\u0119 -","og_url":"https:\/\/vl1200.com\/pl\/product\/zel-intymny-na-bazie-wody-vl1200\/","og_site_name":"VL1200","article_modified_time":"2026-01-19T05:16:01+00:00","og_image":[{"width":1754,"height":1239,"url":"https:\/\/vl1200.com\/wp-content\/uploads\/2025\/11\/sikosto.png","type":"image\/png"}],"twitter_card":"summary_large_image","twitter_misc":{"Szacowany czas czytania":"1 minuta"},"schema":{"@context":"https:\/\/schema.org","@graph":[{"@type":"WebPage","@id":"https:\/\/vl1200.com\/pl\/product\/zel-intymny-na-bazie-wody-vl1200\/","url":"https:\/\/vl1200.com\/pl\/product\/zel-intymny-na-bazie-wody-vl1200\/","name":"\u017bel intymny na bazie wody VL1200 - VL1200","isPartOf":{"@id":"https:\/\/vl1200.com\/#website"},"primaryImageOfPage":{"@id":"https:\/\/vl1200.com\/pl\/product\/zel-intymny-na-bazie-wody-vl1200\/#primaryimage"},"image":{"@id":"https:\/\/vl1200.com\/pl\/product\/zel-intymny-na-bazie-wody-vl1200\/#primaryimage"},"thumbnailUrl":"https:\/\/vl1200.com\/wp-content\/uploads\/2025\/11\/sikosto.png","datePublished":"2025-11-28T13:27:36+00:00","dateModified":"2026-01-19T05:16:01+00:00","breadcrumb":{"@id":"https:\/\/vl1200.com\/pl\/product\/zel-intymny-na-bazie-wody-vl1200\/#breadcrumb"},"inLanguage":"pl-PL","potentialAction":[{"@type":"ReadAction","target":["https:\/\/vl1200.com\/pl\/product\/zel-intymny-na-bazie-wody-vl1200\/"]}]},{"@type":"ImageObject","inLanguage":"pl-PL","@id":"https:\/\/vl1200.com\/pl\/product\/zel-intymny-na-bazie-wody-vl1200\/#primaryimage","url":"https:\/\/vl1200.com\/wp-content\/uploads\/2025\/11\/sikosto.png","contentUrl":"https:\/\/vl1200.com\/wp-content\/uploads\/2025\/11\/sikosto.png","width":1754,"height":1239},{"@type":"BreadcrumbList","@id":"https:\/\/vl1200.com\/pl\/product\/zel-intymny-na-bazie-wody-vl1200\/#breadcrumb","itemListElement":[{"@type":"ListItem","position":1,"name":"Kezd\u0151lap","item":"https:\/\/vl1200.com\/oldalunk-frissites-alatt\/"},{"@type":"ListItem","position":2,"name":"Vl1200 shop","item":"https:\/\/vl1200.com\/pl\/vl1200-shop\/"},{"@type":"ListItem","position":3,"name":"\u017bel intymny na bazie wody VL1200"}]},{"@type":"WebSite","@id":"https:\/\/vl1200.com\/#website","url":"https:\/\/vl1200.com\/","name":"VL1200","description":"Az intim fiatals\u00e1g megtarthat\u00f3 \u00e9s visszanyerhet\u0151. Anti-aging kezel\u00e9ssel a h\u00fcvely visszanyeri fiatalos rugalmass\u00e1g\u00e1t, a v\u00e1s\u00e1rl\u00f3ink pedig \u00f6nbizalmukat \u00e9s magabiztoss\u00e1gukat.","potentialAction":[{"@type":"SearchAction","target":{"@type":"EntryPoint","urlTemplate":"https:\/\/vl1200.com\/?s={search_term_string}"},"query-input":{"@type":"PropertyValueSpecification","valueRequired":true,"valueName":"search_term_string"}}],"inLanguage":"pl-PL"}]}},"_links":{"self":[{"href":"https:\/\/vl1200.com\/pl\/wp-json\/wp\/v2\/product\/11891","targetHints":{"allow":["GET"]}}],"collection":[{"href":"https:\/\/vl1200.com\/pl\/wp-json\/wp\/v2\/product"}],"about":[{"href":"https:\/\/vl1200.com\/pl\/wp-json\/wp\/v2\/types\/product"}],"wp:featuredmedia":[{"embeddable":true,"href":"https:\/\/vl1200.com\/pl\/wp-json\/wp\/v2\/media\/11874"}],"wp:attachment":[{"href":"https:\/\/vl1200.com\/pl\/wp-json\/wp\/v2\/media?parent=11891"}],"wp:term":[{"taxonomy":"product_brand","embeddable":true,"href":"https:\/\/vl1200.com\/pl\/wp-json\/wp\/v2\/product_brand?post=11891"},{"taxonomy":"product_cat","embeddable":true,"href":"https:\/\/vl1200.com\/pl\/wp-json\/wp\/v2\/product_cat?post=11891"},{"taxonomy":"product_tag","embeddable":true,"href":"https:\/\/vl1200.com\/pl\/wp-json\/wp\/v2\/product_tag?post=11891"}],"curies":[{"name":"wp","href":"https:\/\/api.w.org\/{rel}","templated":true}]}}