{"id":11892,"date":"2025-11-28T12:40:34","date_gmt":"2025-11-28T12:40:34","guid":{"rendered":"https:\/\/vl1200.com\/product\/okulary-ochronne-laserowe-vl1200\/"},"modified":"2026-01-19T06:18:09","modified_gmt":"2026-01-19T06:18:09","slug":"okulary-ochronne-laserowe-vl1200","status":"publish","type":"product","link":"https:\/\/vl1200.com\/pl\/product\/okulary-ochronne-laserowe-vl1200\/","title":{"rendered":"Okulary ochronne laserowe VL1200"},"content":{"rendered":"<div class=\"wpb-content-wrapper\"><p>[vc_row][vc_column][vc_column_text css=&#8221;&#8221;]<\/p>\n<p style=\"text-align: center;\"><strong>Opis<\/strong><\/p>\n<p>Profesjonalne okulary ochronne z certyfikatem CE zapewniaj\u0105 niezawodn\u0105 ochron\u0119 oczu podczas korzystania z r\u00f3\u017cnych urz\u0105dze\u0144 laserowych ma\u0142ej mocy. Ich szerokopasmowe filtrowanie zapewnia skuteczn\u0105 ochron\u0119 w zakresie d\u0142ugo\u015bci fal 200\u2013470 nm, 630\u2013660 nm i 780\u20131100 nm. Lekkie i ergonomicznie zaprojektowane, zapewniaj\u0105 wygod\u0119 noszenia nawet podczas d\u0142u\u017cszych sesji, chroni\u0105c Twoje oczy przed potencjalnym nara\u017ceniem na dzia\u0142anie lasera.[\/vc_column_text][\/vc_column][\/vc_row]<\/p>\n<\/div>","protected":false},"excerpt":{"rendered":"<div class=\"woocommerce-product-details__short-description\">\n<p style=\"text-align: center;\"><strong><span class=\"HwtZe\" lang=\"en\"><span class=\"jCAhz ChMk0b\"><span class=\"ryNqvb\">&#8211; Prosz\u0119 wybra\u0107 walut\u0119 &#8211;<\/span><\/span><\/span><\/strong><\/p>\n<\/div>\n","protected":false},"featured_media":11869,"template":"","meta":[],"product_brand":[],"product_cat":[367],"product_tag":[],"class_list":{"0":"post-11892","1":"product","2":"type-product","3":"status-publish","4":"has-post-thumbnail","6":"product_cat-vl1200","9":"first","10":"instock","11":"taxable","12":"shipping-taxable","13":"purchasable","14":"product-type-simple"},"yoast_head":"<!-- This site is optimized with the Yoast SEO plugin v26.4 - https:\/\/yoast.com\/wordpress\/plugins\/seo\/ -->\n<title>Okulary ochronne laserowe VL1200 - VL1200<\/title>\n<meta name=\"robots\" content=\"index, follow, max-snippet:-1, max-image-preview:large, max-video-preview:-1\" \/>\n<link rel=\"canonical\" href=\"https:\/\/vl1200.com\/pl\/product\/okulary-ochronne-laserowe-vl1200\/\" \/>\n<meta property=\"og:locale\" content=\"pl_PL\" \/>\n<meta property=\"og:type\" content=\"article\" \/>\n<meta property=\"og:title\" content=\"Okulary ochronne laserowe VL1200 - VL1200\" \/>\n<meta property=\"og:description\" content=\"- Prosz\u0119 wybra\u0107 walut\u0119 -\" \/>\n<meta property=\"og:url\" content=\"https:\/\/vl1200.com\/pl\/product\/okulary-ochronne-laserowe-vl1200\/\" \/>\n<meta property=\"og:site_name\" content=\"VL1200\" \/>\n<meta property=\"article:modified_time\" content=\"2026-01-19T06:18:09+00:00\" \/>\n<meta property=\"og:image\" content=\"https:\/\/vl1200.com\/wp-content\/uploads\/2025\/11\/VL1200_szemuveg_3.png\" \/>\n\t<meta property=\"og:image:width\" content=\"1754\" \/>\n\t<meta property=\"og:image:height\" content=\"1239\" \/>\n\t<meta property=\"og:image:type\" content=\"image\/png\" \/>\n<meta name=\"twitter:card\" content=\"summary_large_image\" \/>\n<script type=\"application\/ld+json\" class=\"yoast-schema-graph\">{\"@context\":\"https:\/\/schema.org\",\"@graph\":[{\"@type\":\"WebPage\",\"@id\":\"https:\/\/vl1200.com\/pl\/product\/okulary-ochronne-laserowe-vl1200\/\",\"url\":\"https:\/\/vl1200.com\/pl\/product\/okulary-ochronne-laserowe-vl1200\/\",\"name\":\"Okulary ochronne laserowe VL1200 - VL1200\",\"isPartOf\":{\"@id\":\"https:\/\/vl1200.com\/#website\"},\"primaryImageOfPage\":{\"@id\":\"https:\/\/vl1200.com\/pl\/product\/okulary-ochronne-laserowe-vl1200\/#primaryimage\"},\"image\":{\"@id\":\"https:\/\/vl1200.com\/pl\/product\/okulary-ochronne-laserowe-vl1200\/#primaryimage\"},\"thumbnailUrl\":\"https:\/\/vl1200.com\/wp-content\/uploads\/2025\/11\/VL1200_szemuveg_3.png\",\"datePublished\":\"2025-11-28T12:40:34+00:00\",\"dateModified\":\"2026-01-19T06:18:09+00:00\",\"breadcrumb\":{\"@id\":\"https:\/\/vl1200.com\/pl\/product\/okulary-ochronne-laserowe-vl1200\/#breadcrumb\"},\"inLanguage\":\"pl-PL\",\"potentialAction\":[{\"@type\":\"ReadAction\",\"target\":[\"https:\/\/vl1200.com\/pl\/product\/okulary-ochronne-laserowe-vl1200\/\"]}]},{\"@type\":\"ImageObject\",\"inLanguage\":\"pl-PL\",\"@id\":\"https:\/\/vl1200.com\/pl\/product\/okulary-ochronne-laserowe-vl1200\/#primaryimage\",\"url\":\"https:\/\/vl1200.com\/wp-content\/uploads\/2025\/11\/VL1200_szemuveg_3.png\",\"contentUrl\":\"https:\/\/vl1200.com\/wp-content\/uploads\/2025\/11\/VL1200_szemuveg_3.png\",\"width\":1754,\"height\":1239},{\"@type\":\"BreadcrumbList\",\"@id\":\"https:\/\/vl1200.com\/pl\/product\/okulary-ochronne-laserowe-vl1200\/#breadcrumb\",\"itemListElement\":[{\"@type\":\"ListItem\",\"position\":1,\"name\":\"Kezd\u0151lap\",\"item\":\"https:\/\/vl1200.com\/oldalunk-frissites-alatt\/\"},{\"@type\":\"ListItem\",\"position\":2,\"name\":\"Vl1200 shop\",\"item\":\"https:\/\/vl1200.com\/pl\/vl1200-shop\/\"},{\"@type\":\"ListItem\",\"position\":3,\"name\":\"Okulary ochronne laserowe VL1200\"}]},{\"@type\":\"WebSite\",\"@id\":\"https:\/\/vl1200.com\/#website\",\"url\":\"https:\/\/vl1200.com\/\",\"name\":\"VL1200\",\"description\":\"Az intim fiatals\u00e1g megtarthat\u00f3 \u00e9s visszanyerhet\u0151. Anti-aging kezel\u00e9ssel a h\u00fcvely visszanyeri fiatalos rugalmass\u00e1g\u00e1t, a v\u00e1s\u00e1rl\u00f3ink pedig \u00f6nbizalmukat \u00e9s magabiztoss\u00e1gukat.\",\"potentialAction\":[{\"@type\":\"SearchAction\",\"target\":{\"@type\":\"EntryPoint\",\"urlTemplate\":\"https:\/\/vl1200.com\/?s={search_term_string}\"},\"query-input\":{\"@type\":\"PropertyValueSpecification\",\"valueRequired\":true,\"valueName\":\"search_term_string\"}}],\"inLanguage\":\"pl-PL\"}]}<\/script>\n<!-- \/ Yoast SEO plugin. -->","yoast_head_json":{"title":"Okulary ochronne laserowe VL1200 - VL1200","robots":{"index":"index","follow":"follow","max-snippet":"max-snippet:-1","max-image-preview":"max-image-preview:large","max-video-preview":"max-video-preview:-1"},"canonical":"https:\/\/vl1200.com\/pl\/product\/okulary-ochronne-laserowe-vl1200\/","og_locale":"pl_PL","og_type":"article","og_title":"Okulary ochronne laserowe VL1200 - VL1200","og_description":"- Prosz\u0119 wybra\u0107 walut\u0119 -","og_url":"https:\/\/vl1200.com\/pl\/product\/okulary-ochronne-laserowe-vl1200\/","og_site_name":"VL1200","article_modified_time":"2026-01-19T06:18:09+00:00","og_image":[{"width":1754,"height":1239,"url":"https:\/\/vl1200.com\/wp-content\/uploads\/2025\/11\/VL1200_szemuveg_3.png","type":"image\/png"}],"twitter_card":"summary_large_image","schema":{"@context":"https:\/\/schema.org","@graph":[{"@type":"WebPage","@id":"https:\/\/vl1200.com\/pl\/product\/okulary-ochronne-laserowe-vl1200\/","url":"https:\/\/vl1200.com\/pl\/product\/okulary-ochronne-laserowe-vl1200\/","name":"Okulary ochronne laserowe VL1200 - VL1200","isPartOf":{"@id":"https:\/\/vl1200.com\/#website"},"primaryImageOfPage":{"@id":"https:\/\/vl1200.com\/pl\/product\/okulary-ochronne-laserowe-vl1200\/#primaryimage"},"image":{"@id":"https:\/\/vl1200.com\/pl\/product\/okulary-ochronne-laserowe-vl1200\/#primaryimage"},"thumbnailUrl":"https:\/\/vl1200.com\/wp-content\/uploads\/2025\/11\/VL1200_szemuveg_3.png","datePublished":"2025-11-28T12:40:34+00:00","dateModified":"2026-01-19T06:18:09+00:00","breadcrumb":{"@id":"https:\/\/vl1200.com\/pl\/product\/okulary-ochronne-laserowe-vl1200\/#breadcrumb"},"inLanguage":"pl-PL","potentialAction":[{"@type":"ReadAction","target":["https:\/\/vl1200.com\/pl\/product\/okulary-ochronne-laserowe-vl1200\/"]}]},{"@type":"ImageObject","inLanguage":"pl-PL","@id":"https:\/\/vl1200.com\/pl\/product\/okulary-ochronne-laserowe-vl1200\/#primaryimage","url":"https:\/\/vl1200.com\/wp-content\/uploads\/2025\/11\/VL1200_szemuveg_3.png","contentUrl":"https:\/\/vl1200.com\/wp-content\/uploads\/2025\/11\/VL1200_szemuveg_3.png","width":1754,"height":1239},{"@type":"BreadcrumbList","@id":"https:\/\/vl1200.com\/pl\/product\/okulary-ochronne-laserowe-vl1200\/#breadcrumb","itemListElement":[{"@type":"ListItem","position":1,"name":"Kezd\u0151lap","item":"https:\/\/vl1200.com\/oldalunk-frissites-alatt\/"},{"@type":"ListItem","position":2,"name":"Vl1200 shop","item":"https:\/\/vl1200.com\/pl\/vl1200-shop\/"},{"@type":"ListItem","position":3,"name":"Okulary ochronne laserowe VL1200"}]},{"@type":"WebSite","@id":"https:\/\/vl1200.com\/#website","url":"https:\/\/vl1200.com\/","name":"VL1200","description":"Az intim fiatals\u00e1g megtarthat\u00f3 \u00e9s visszanyerhet\u0151. Anti-aging kezel\u00e9ssel a h\u00fcvely visszanyeri fiatalos rugalmass\u00e1g\u00e1t, a v\u00e1s\u00e1rl\u00f3ink pedig \u00f6nbizalmukat \u00e9s magabiztoss\u00e1gukat.","potentialAction":[{"@type":"SearchAction","target":{"@type":"EntryPoint","urlTemplate":"https:\/\/vl1200.com\/?s={search_term_string}"},"query-input":{"@type":"PropertyValueSpecification","valueRequired":true,"valueName":"search_term_string"}}],"inLanguage":"pl-PL"}]}},"_links":{"self":[{"href":"https:\/\/vl1200.com\/pl\/wp-json\/wp\/v2\/product\/11892","targetHints":{"allow":["GET"]}}],"collection":[{"href":"https:\/\/vl1200.com\/pl\/wp-json\/wp\/v2\/product"}],"about":[{"href":"https:\/\/vl1200.com\/pl\/wp-json\/wp\/v2\/types\/product"}],"wp:featuredmedia":[{"embeddable":true,"href":"https:\/\/vl1200.com\/pl\/wp-json\/wp\/v2\/media\/11869"}],"wp:attachment":[{"href":"https:\/\/vl1200.com\/pl\/wp-json\/wp\/v2\/media?parent=11892"}],"wp:term":[{"taxonomy":"product_brand","embeddable":true,"href":"https:\/\/vl1200.com\/pl\/wp-json\/wp\/v2\/product_brand?post=11892"},{"taxonomy":"product_cat","embeddable":true,"href":"https:\/\/vl1200.com\/pl\/wp-json\/wp\/v2\/product_cat?post=11892"},{"taxonomy":"product_tag","embeddable":true,"href":"https:\/\/vl1200.com\/pl\/wp-json\/wp\/v2\/product_tag?post=11892"}],"curies":[{"name":"wp","href":"https:\/\/api.w.org\/{rel}","templated":true}]}}