{"id":11893,"date":"2025-11-29T12:36:17","date_gmt":"2025-11-29T12:36:17","guid":{"rendered":"https:\/\/vl1200.com\/product\/zestaw-do-pielegnacji-intymnej-laserem-vl1200\/"},"modified":"2026-01-22T17:37:56","modified_gmt":"2026-01-22T17:37:56","slug":"zestaw-do-pielegnacji-intymnej-laserem-vl1200","status":"publish","type":"product","link":"https:\/\/vl1200.com\/pl\/product\/zestaw-do-pielegnacji-intymnej-laserem-vl1200\/","title":{"rendered":"Zestaw do piel\u0119gnacji intymnej laserem VL1200"},"content":{"rendered":"<div class=\"wpb-content-wrapper\"><p>[vc_row][vc_column][vc_column_text css=&#8221;&#8221;]<\/p>\n<p style=\"text-align: center;\"><strong>Opis<\/strong><\/p>\n<p><strong>Delikatna technologia, kobieca harmonia \u2014 nowy poziom bezpiecze\u0144stwa i komfortu.<\/strong><br \/>\nZestaw laserowy VL1200 Premium Intimate zawiera wszystko, czego potrzebuje nowoczesna, \u015bwiadoma siebie kobieta dla dobrego samopoczucia intymnego.<\/p>\n<p>Urz\u0105dzenie laserowe do higieny intymnej VL1200 przeznaczone do u\u017cytku domowego jest dostarczane z okularami ochronnymi z certyfikatem CE, delikatnym p\u0142ynem czyszcz\u0105cym do bezpiecznej dezynfekcji urz\u0105dzenia, przyjaznym dla sk\u00f3ry \u017celem lubrykantnym na bazie wody oraz instrukcj\u0105 obs\u0142ugi umo\u017cliwiaj\u0105c\u0105 profesjonalne, a jednocze\u015bnie wygodne u\u017cytkowanie. Eleganckie opakowanie prezentowe odzwierciedla r\u00f3wnowag\u0119 mi\u0119dzy technologi\u0105 a trosk\u0105 \u2014 idealny wyb\u00f3r dla kobiet, kt\u00f3re ceni\u0105 sobie jako\u015b\u0107, pewno\u015b\u0107 siebie i dobre samopoczucie w jednym.[\/vc_column_text][\/vc_column][\/vc_row]<\/p>\n<\/div>","protected":false},"excerpt":{"rendered":"<div class=\"woocommerce-product-details__short-description\">\n<p style=\"text-align: center;\"><strong><span class=\"HwtZe\" lang=\"en\"><span class=\"jCAhz ChMk0b\"><span class=\"ryNqvb\">&#8211; Prosz\u0119 wybra\u0107 walut\u0119 &#8211;<\/span><\/span><\/span><\/strong><\/p>\n<\/div>\n","protected":false},"featured_media":11836,"template":"","meta":[],"product_brand":[],"product_cat":[367],"product_tag":[],"class_list":{"0":"post-11893","1":"product","2":"type-product","3":"status-publish","4":"has-post-thumbnail","6":"product_cat-vl1200","9":"first","10":"instock","11":"taxable","12":"shipping-taxable","13":"purchasable","14":"product-type-simple"},"yoast_head":"<!-- This site is optimized with the Yoast SEO plugin v26.4 - https:\/\/yoast.com\/wordpress\/plugins\/seo\/ -->\n<title>Zestaw do piel\u0119gnacji intymnej laserem VL1200 - VL1200<\/title>\n<meta name=\"robots\" content=\"index, follow, max-snippet:-1, max-image-preview:large, max-video-preview:-1\" \/>\n<link rel=\"canonical\" href=\"https:\/\/vl1200.com\/product\/vl1200-intimate-laser-care-set\/\" \/>\n<meta property=\"og:locale\" content=\"pl_PL\" \/>\n<meta property=\"og:type\" content=\"article\" \/>\n<meta property=\"og:title\" content=\"Zestaw do piel\u0119gnacji intymnej laserem VL1200 - VL1200\" \/>\n<meta property=\"og:description\" content=\"- Prosz\u0119 wybra\u0107 walut\u0119 -\" \/>\n<meta property=\"og:url\" content=\"https:\/\/vl1200.com\/product\/vl1200-intimate-laser-care-set\/\" \/>\n<meta property=\"og:site_name\" content=\"VL1200\" \/>\n<meta property=\"article:modified_time\" content=\"2026-01-22T17:37:56+00:00\" \/>\n<meta property=\"og:image\" content=\"https:\/\/vl1200.com\/wp-content\/uploads\/2026\/01\/VL1200_doboz_tartalma-2.png\" \/>\n\t<meta property=\"og:image:width\" content=\"1754\" \/>\n\t<meta property=\"og:image:height\" content=\"1239\" \/>\n\t<meta property=\"og:image:type\" content=\"image\/png\" \/>\n<meta name=\"twitter:card\" content=\"summary_large_image\" \/>\n<meta name=\"twitter:label1\" content=\"Szacowany czas czytania\" \/>\n\t<meta name=\"twitter:data1\" content=\"1 minuta\" \/>\n<script type=\"application\/ld+json\" class=\"yoast-schema-graph\">{\"@context\":\"https:\/\/schema.org\",\"@graph\":[{\"@type\":\"WebPage\",\"@id\":\"https:\/\/vl1200.com\/product\/vl1200-intimate-laser-care-set\/\",\"url\":\"https:\/\/vl1200.com\/product\/vl1200-intimate-laser-care-set\/\",\"name\":\"Zestaw do piel\u0119gnacji intymnej laserem VL1200 - VL1200\",\"isPartOf\":{\"@id\":\"https:\/\/vl1200.com\/#website\"},\"primaryImageOfPage\":{\"@id\":\"https:\/\/vl1200.com\/product\/vl1200-intimate-laser-care-set\/#primaryimage\"},\"image\":{\"@id\":\"https:\/\/vl1200.com\/product\/vl1200-intimate-laser-care-set\/#primaryimage\"},\"thumbnailUrl\":\"https:\/\/vl1200.com\/wp-content\/uploads\/2026\/01\/VL1200_doboz_tartalma-2.png\",\"datePublished\":\"2025-11-29T12:36:17+00:00\",\"dateModified\":\"2026-01-22T17:37:56+00:00\",\"breadcrumb\":{\"@id\":\"https:\/\/vl1200.com\/product\/vl1200-intimate-laser-care-set\/#breadcrumb\"},\"inLanguage\":\"pl-PL\",\"potentialAction\":[{\"@type\":\"ReadAction\",\"target\":[\"https:\/\/vl1200.com\/product\/vl1200-intimate-laser-care-set\/\"]}]},{\"@type\":\"ImageObject\",\"inLanguage\":\"pl-PL\",\"@id\":\"https:\/\/vl1200.com\/product\/vl1200-intimate-laser-care-set\/#primaryimage\",\"url\":\"https:\/\/vl1200.com\/wp-content\/uploads\/2026\/01\/VL1200_doboz_tartalma-2.png\",\"contentUrl\":\"https:\/\/vl1200.com\/wp-content\/uploads\/2026\/01\/VL1200_doboz_tartalma-2.png\",\"width\":1754,\"height\":1239},{\"@type\":\"BreadcrumbList\",\"@id\":\"https:\/\/vl1200.com\/product\/vl1200-intimate-laser-care-set\/#breadcrumb\",\"itemListElement\":[{\"@type\":\"ListItem\",\"position\":1,\"name\":\"Kezd\u0151lap\",\"item\":\"https:\/\/vl1200.com\/oldalunk-frissites-alatt\/\"},{\"@type\":\"ListItem\",\"position\":2,\"name\":\"Vl1200 shop\",\"item\":\"https:\/\/vl1200.com\/pl\/vl1200-shop\/\"},{\"@type\":\"ListItem\",\"position\":3,\"name\":\"Zestaw do piel\u0119gnacji intymnej laserem VL1200\"}]},{\"@type\":\"WebSite\",\"@id\":\"https:\/\/vl1200.com\/#website\",\"url\":\"https:\/\/vl1200.com\/\",\"name\":\"VL1200\",\"description\":\"Az intim fiatals\u00e1g megtarthat\u00f3 \u00e9s visszanyerhet\u0151. Anti-aging kezel\u00e9ssel a h\u00fcvely visszanyeri fiatalos rugalmass\u00e1g\u00e1t, a v\u00e1s\u00e1rl\u00f3ink pedig \u00f6nbizalmukat \u00e9s magabiztoss\u00e1gukat.\",\"potentialAction\":[{\"@type\":\"SearchAction\",\"target\":{\"@type\":\"EntryPoint\",\"urlTemplate\":\"https:\/\/vl1200.com\/?s={search_term_string}\"},\"query-input\":{\"@type\":\"PropertyValueSpecification\",\"valueRequired\":true,\"valueName\":\"search_term_string\"}}],\"inLanguage\":\"pl-PL\"}]}<\/script>\n<!-- \/ Yoast SEO plugin. -->","yoast_head_json":{"title":"Zestaw do piel\u0119gnacji intymnej laserem VL1200 - VL1200","robots":{"index":"index","follow":"follow","max-snippet":"max-snippet:-1","max-image-preview":"max-image-preview:large","max-video-preview":"max-video-preview:-1"},"canonical":"https:\/\/vl1200.com\/product\/vl1200-intimate-laser-care-set\/","og_locale":"pl_PL","og_type":"article","og_title":"Zestaw do piel\u0119gnacji intymnej laserem VL1200 - VL1200","og_description":"- Prosz\u0119 wybra\u0107 walut\u0119 -","og_url":"https:\/\/vl1200.com\/product\/vl1200-intimate-laser-care-set\/","og_site_name":"VL1200","article_modified_time":"2026-01-22T17:37:56+00:00","og_image":[{"width":1754,"height":1239,"url":"https:\/\/vl1200.com\/wp-content\/uploads\/2026\/01\/VL1200_doboz_tartalma-2.png","type":"image\/png"}],"twitter_card":"summary_large_image","twitter_misc":{"Szacowany czas czytania":"1 minuta"},"schema":{"@context":"https:\/\/schema.org","@graph":[{"@type":"WebPage","@id":"https:\/\/vl1200.com\/product\/vl1200-intimate-laser-care-set\/","url":"https:\/\/vl1200.com\/product\/vl1200-intimate-laser-care-set\/","name":"Zestaw do piel\u0119gnacji intymnej laserem VL1200 - VL1200","isPartOf":{"@id":"https:\/\/vl1200.com\/#website"},"primaryImageOfPage":{"@id":"https:\/\/vl1200.com\/product\/vl1200-intimate-laser-care-set\/#primaryimage"},"image":{"@id":"https:\/\/vl1200.com\/product\/vl1200-intimate-laser-care-set\/#primaryimage"},"thumbnailUrl":"https:\/\/vl1200.com\/wp-content\/uploads\/2026\/01\/VL1200_doboz_tartalma-2.png","datePublished":"2025-11-29T12:36:17+00:00","dateModified":"2026-01-22T17:37:56+00:00","breadcrumb":{"@id":"https:\/\/vl1200.com\/product\/vl1200-intimate-laser-care-set\/#breadcrumb"},"inLanguage":"pl-PL","potentialAction":[{"@type":"ReadAction","target":["https:\/\/vl1200.com\/product\/vl1200-intimate-laser-care-set\/"]}]},{"@type":"ImageObject","inLanguage":"pl-PL","@id":"https:\/\/vl1200.com\/product\/vl1200-intimate-laser-care-set\/#primaryimage","url":"https:\/\/vl1200.com\/wp-content\/uploads\/2026\/01\/VL1200_doboz_tartalma-2.png","contentUrl":"https:\/\/vl1200.com\/wp-content\/uploads\/2026\/01\/VL1200_doboz_tartalma-2.png","width":1754,"height":1239},{"@type":"BreadcrumbList","@id":"https:\/\/vl1200.com\/product\/vl1200-intimate-laser-care-set\/#breadcrumb","itemListElement":[{"@type":"ListItem","position":1,"name":"Kezd\u0151lap","item":"https:\/\/vl1200.com\/oldalunk-frissites-alatt\/"},{"@type":"ListItem","position":2,"name":"Vl1200 shop","item":"https:\/\/vl1200.com\/pl\/vl1200-shop\/"},{"@type":"ListItem","position":3,"name":"Zestaw do piel\u0119gnacji intymnej laserem VL1200"}]},{"@type":"WebSite","@id":"https:\/\/vl1200.com\/#website","url":"https:\/\/vl1200.com\/","name":"VL1200","description":"Az intim fiatals\u00e1g megtarthat\u00f3 \u00e9s visszanyerhet\u0151. Anti-aging kezel\u00e9ssel a h\u00fcvely visszanyeri fiatalos rugalmass\u00e1g\u00e1t, a v\u00e1s\u00e1rl\u00f3ink pedig \u00f6nbizalmukat \u00e9s magabiztoss\u00e1gukat.","potentialAction":[{"@type":"SearchAction","target":{"@type":"EntryPoint","urlTemplate":"https:\/\/vl1200.com\/?s={search_term_string}"},"query-input":{"@type":"PropertyValueSpecification","valueRequired":true,"valueName":"search_term_string"}}],"inLanguage":"pl-PL"}]}},"_links":{"self":[{"href":"https:\/\/vl1200.com\/pl\/wp-json\/wp\/v2\/product\/11893","targetHints":{"allow":["GET"]}}],"collection":[{"href":"https:\/\/vl1200.com\/pl\/wp-json\/wp\/v2\/product"}],"about":[{"href":"https:\/\/vl1200.com\/pl\/wp-json\/wp\/v2\/types\/product"}],"wp:featuredmedia":[{"embeddable":true,"href":"https:\/\/vl1200.com\/pl\/wp-json\/wp\/v2\/media\/11836"}],"wp:attachment":[{"href":"https:\/\/vl1200.com\/pl\/wp-json\/wp\/v2\/media?parent=11893"}],"wp:term":[{"taxonomy":"product_brand","embeddable":true,"href":"https:\/\/vl1200.com\/pl\/wp-json\/wp\/v2\/product_brand?post=11893"},{"taxonomy":"product_cat","embeddable":true,"href":"https:\/\/vl1200.com\/pl\/wp-json\/wp\/v2\/product_cat?post=11893"},{"taxonomy":"product_tag","embeddable":true,"href":"https:\/\/vl1200.com\/pl\/wp-json\/wp\/v2\/product_tag?post=11893"}],"curies":[{"name":"wp","href":"https:\/\/api.w.org\/{rel}","templated":true}]}}